{"id":94,"date":"2010-03-29T12:27:47","date_gmt":"2010-03-29T09:27:47","guid":{"rendered":"http:\/\/www2008.vu.lt\/?page_id=94"},"modified":"2025-09-09T10:35:58","modified_gmt":"2025-09-09T07:35:58","slug":"kitas-personalas","status":"publish","type":"page","link":"https:\/\/www.darzelis.senieji.trakai.lm.lt\/?page_id=94","title":{"rendered":"<!--:lt-->Kitas personalas<!--:-->"},"content":{"rendered":"<p><!--:lt-->\u0160iuo metu&nbsp;mokykloje dirba:<\/p>\n<p><strong>\u010ceslava Savickaja<\/strong>&nbsp;&#8211;&nbsp; mokytojo pad\u0117j\u0117ja;<\/p>\n<p><strong>Jan\u0117 Grinevi\u010d <\/strong>&#8211;&nbsp; mokytojo pad\u0117j\u0117ja;<\/p>\n<p><strong>Marija Kiseliauskien\u0117<\/strong> &#8211; mokytojo pad\u0117j\u0117ja;<\/p>\n<p><strong> Greta Starikovi\u010d<\/strong> &#8211; mokinio pad\u0117j\u0117ja;<\/p>\n<p><strong>Renata Laurukaitien\u0117<\/strong> &#8211; vir\u0117ja;<\/p>\n<p><strong>Teresa Aleksandrovi\u010d&nbsp;<\/strong>&#8211; skalb\u0117ja; valytoja;<\/p>\n<p><strong>Aleksandras Laurukaitis<\/strong> &#8211; kiemsargis.<\/p>\n<p>&nbsp;<\/p>\n<p><!--:--><\/p>\n","protected":false},"excerpt":{"rendered":"<p>\u0160iuo metu&nbsp;mokykloje dirba: \u010ceslava Savickaja&nbsp;&#8211;&nbsp; mokytojo pad\u0117j\u0117ja; Jan\u0117 Grinevi\u010d &#8211;&nbsp; mokytojo pad\u0117j\u0117ja; Marija Kiseliauskien\u0117 &#8211; mokytojo pad\u0117j\u0117ja; Greta Starikovi\u010d &#8211;&#8230;<\/p>\n","protected":false},"author":1,"featured_media":0,"parent":88,"menu_order":3,"comment_status":"closed","ping_status":"closed","template":"","meta":{"ngg_post_thumbnail":0,"footnotes":""},"class_list":["post-94","page","type-page","status-publish","hentry"],"_links":{"self":[{"href":"https:\/\/www.darzelis.senieji.trakai.lm.lt\/index.php?rest_route=\/wp\/v2\/pages\/94"}],"collection":[{"href":"https:\/\/www.darzelis.senieji.trakai.lm.lt\/index.php?rest_route=\/wp\/v2\/pages"}],"about":[{"href":"https:\/\/www.darzelis.senieji.trakai.lm.lt\/index.php?rest_route=\/wp\/v2\/types\/page"}],"author":[{"embeddable":true,"href":"https:\/\/www.darzelis.senieji.trakai.lm.lt\/index.php?rest_route=\/wp\/v2\/users\/1"}],"replies":[{"embeddable":true,"href":"https:\/\/www.darzelis.senieji.trakai.lm.lt\/index.php?rest_route=%2Fwp%2Fv2%2Fcomments&post=94"}],"version-history":[{"count":35,"href":"https:\/\/www.darzelis.senieji.trakai.lm.lt\/index.php?rest_route=\/wp\/v2\/pages\/94\/revisions"}],"predecessor-version":[{"id":8518,"href":"https:\/\/www.darzelis.senieji.trakai.lm.lt\/index.php?rest_route=\/wp\/v2\/pages\/94\/revisions\/8518"}],"up":[{"embeddable":true,"href":"https:\/\/www.darzelis.senieji.trakai.lm.lt\/index.php?rest_route=\/wp\/v2\/pages\/88"}],"wp:attachment":[{"href":"https:\/\/www.darzelis.senieji.trakai.lm.lt\/index.php?rest_route=%2Fwp%2Fv2%2Fmedia&parent=94"}],"curies":[{"name":"wp","href":"https:\/\/api.w.org\/{rel}","templated":true}]}}