{"id":7813,"date":"2024-03-06T09:59:15","date_gmt":"2024-03-06T07:59:15","guid":{"rendered":"http:\/\/www.darzelis.senieji.trakai.lm.lt\/?page_id=7813"},"modified":"2025-11-19T09:52:55","modified_gmt":"2025-11-19T07:52:55","slug":"itraukusis-ugdymas","status":"publish","type":"page","link":"https:\/\/www.darzelis.senieji.trakai.lm.lt\/?page_id=7813","title":{"rendered":"\u012etraukusis ugdymas"},"content":{"rendered":"<p><a href=\"https:\/\/www.darzelis.senieji.trakai.lm.lt\/?attachment_id=8541\" rel=\"attachment wp-att-8541\"><img loading=\"lazy\" decoding=\"async\" class=\"aligncenter size-large wp-image-8541\" src=\"http:\/\/www.darzelis.senieji.trakai.lm.lt\/wp-content\/uploads\/2025\/11\/Informacija-apie-projekta-2025-11-19-722x1024.png\" alt=\"\" width=\"670\" height=\"950\" srcset=\"https:\/\/www.darzelis.senieji.trakai.lm.lt\/wp-content\/uploads\/2025\/11\/Informacija-apie-projekta-2025-11-19-722x1024.png 722w, https:\/\/www.darzelis.senieji.trakai.lm.lt\/wp-content\/uploads\/2025\/11\/Informacija-apie-projekta-2025-11-19-212x300.png 212w, https:\/\/www.darzelis.senieji.trakai.lm.lt\/wp-content\/uploads\/2025\/11\/Informacija-apie-projekta-2025-11-19.png 762w\" sizes=\"(max-width: 670px) 100vw, 670px\" \/><\/a><a href=\"https:\/\/www.darzelis.senieji.trakai.lm.lt\/?attachment_id=8529\" rel=\"attachment wp-att-8529\">\u0160vietimo pagalbos teikimo algoritmas t\u0117vams<\/a><\/p>\n<p><a href=\"https:\/\/www.darzelis.senieji.trakai.lm.lt\/?attachment_id=8505\" rel=\"attachment wp-att-8505\">1-Tevams_apie-ugdymosi-poreikiu-vertinima<\/a><\/p>\n<p><a href=\"https:\/\/www.darzelis.senieji.trakai.lm.lt\/?attachment_id=8506\" rel=\"attachment wp-att-8506\">2-Tevams-ugdymosi-poreikiu-vertinimo-eiga<\/a><\/p>\n<p><a href=\"https:\/\/www.darzelis.senieji.trakai.lm.lt\/?attachment_id=8507\" rel=\"attachment wp-att-8507\">3-Tevams_kaip-parengti-vaika-pedagoginiam-psichologiniam-vertinimui<\/a><\/p>\n<p><a href=\"https:\/\/www.darzelis.senieji.trakai.lm.lt\/?attachment_id=8508\" rel=\"attachment wp-att-8508\">Informacija-del-apeliacijos-teikimo<\/a><\/p>\n<p>&nbsp;<\/p>\n<p>2024 m. rugs\u0117j\u012f \u012fsigalios Lietuvos Respublikos \u0160vietimo \u012fstatymo straipsni\u0173 pakeitimai ir \u012fstatymo papildymai, kurie numato, kad kiekvienam vaikui turi b\u016bti sudarytos s\u0105lygos ugdytis artimiausioje ugdymo \u012fstaigoje (ikimokyklinio ugdymo \u012fstaigoje, mokykloje) kartu su savo bendraam\u017eiais.<\/p>\n<p>\u012etraukties \u0161vietime pl\u0117tros 2021\u20132024 met\u0173 kryptys:<\/p>\n<ul>\n<li>Stiprinti teigiamas visuomen\u0117s ir \u0161vietimo bendruomen\u0117s nuostatas \u012f \u012ftraukt\u012f \u0161vietime.<\/li>\n<li>Didinti \u0161vietimo pagalbos prieinamum\u0105.<\/li>\n<li>Gerinti pedagog\u0173 ir \u0161vietimo pagalbos specialist\u0173 pasirengim\u0105 \u012ftrauk\u010diai \u0161vietime.<\/li>\n<li>Pritaikyti mokykl\u0173 (ikimokyklini\u0173 ugdymo \u012fstaig\u0173) aplinkas ir ugdymo procesus \u012fvairi\u0173 ugdymosi poreiki\u0173 turintiems vaikams.<\/li>\n<li>Kurti \u012ftraukties \u0161vietime \u012fsivertinimo ir steb\u0117senos sistem\u0105.<\/li>\n<\/ul>\n<p>\u012etraukusis ugdymas \u2013 kokybi\u0161kas ugdymas kiekvienam vaikui, siejamas su personalizuotu kiekvieno vaiko ugdymu, atitinkan\u010diu kiekvieno vaiko ugdymosi galias, poreikius, u\u017etikrinantis s\u0117kmes, asmenin\u0119 pa\u017eang\u0105. Tai procesas, kuriame atsi\u017evelgiama \u012f vaik\u0173 socialin\u0119, kult\u016brin\u0119, mokymosi \u012fvairov\u0119 ir remiamasi veiksmais, padedan\u010diais nustatyti bei \u0161alinti kli\u016btis ugdymuisi ir dalyvavimui \u0161vietime. Tai labai ai\u0161kiai atsispindi Geros mokyklos koncepcijoje.<\/p>\n<p>Sen\u0173j\u0173 Trak\u0173 vaik\u0173 lop\u0161elis-dar\u017eelis \u012fgyvendina esmin\u0119 \u012ftraukiojo ugdymo vertybin\u0119 nuostat\u0105, kad \u012ftraukimas ir teisingumas yra suprantami kaip kokybi\u0161ko ugdymo pagrindas. Kad \u012ftraukusis ugdymas b\u016bt\u0173 s\u0117kmingas, reikia stiprinti teigiamas visuomen\u0117s ir \u0161vietimo bendruomen\u0117s nuostatas \u012f \u012ftraukt\u012f \u0161vietime, didinti \u0161vietimo pagalbos prieinamum\u0105, gerinti mokytoj\u0173 ir \u0161vietimo pagalbos specialist\u0173 pasirengim\u0105 \u012ftrauk\u010diai, pritaikyti aplinkas ir ugdymo procesus \u012fvairi\u0173 ugdymosi poreiki\u0173 turintiems vaikams, formuoti vaik\u0173, mokytoj\u0173, kit\u0173 bendruomen\u0117s nari\u0173 teigiamas nuostatas.<\/p>\n<h4>&nbsp;<strong>\u012etrauktis ugdyme:&nbsp;<\/strong><a href=\"https:\/\/www.nsa.smm.lt\/itrauktis-ugdyme\/\">https:\/\/www.nsa.smm.lt\/itrauktis-ugdyme\/<\/a><\/h4>\n<p><span style=\"color: #3366ff;\"><strong><span style=\"color: #000000;\">Rekomendacijos speciali\u0173j\u0173 ugdymosi poreiki\u0173 turintiems mokiniams:&nbsp;<a href=\"https:\/\/www.darzelis.senieji.trakai.lm.lt\/wp-content\/uploads\/2024\/03\/Rekomendacijos-Elgesio-ir-emocij\u0173-turintiems-mokiniams.docx\" rel=\"attachment wp-att-7831\">Rekomendacijos Elgesio ir emocij\u0173 turintiems mokiniams<\/a><\/span><\/strong><\/span><\/p>\n<ul>\n<li>\u201e\u012etraukties link\u201c. K\u0105 turi \u017einoti mokykla? &#8211; atmintin\u0117 mokykloms&nbsp;<a href=\"https:\/\/www.lakstute.kaunas.lm.lt\/files\/2022-12\/itraukties-link.-ka-turi-zinoti-mokykla.atmintine-mokykloms-1-.pdf?9be7b464b8\"><em><u>\u017ei\u016br\u0117ti \u010dia<\/u><\/em><\/a><\/li>\n<li>Kompleksin\u0117 laiku suteikta pagalba speciali\u0173j\u0173 poreiki\u0173 turintiems vaikams \u2013 lemiamas j\u0173 pozityviosios socializacijos veiksnys&nbsp;<u><a href=\"https:\/\/www.lakstute.kaunas.lm.lt\/files\/2022-09\/2022-09-14-10.54-kompleksin97-laiku-suteikta-pagalba.pdf?eeb41fd07a\"><em>\u017ei\u016br\u0117ti \u010dia<\/em><\/a><\/u><br \/>\n<u><\/u><\/li>\n<li>\u012etraukaus ugdymo pl\u0117tros 2021\u20132024 met\u0173 veiksm\u0173 planas&nbsp;<u><em><a href=\"https:\/\/www.lakstute.kaunas.lm.lt\/files\/2022-02\/1.itraukties.veiksmuplanas.pdf?24811a80f3\">\u017ei\u016br\u0117ti \u010dia<\/a><\/em><\/u><\/li>\n<li>Mokytojo pad\u0117j\u0117jo vaidmuo \u012ftraukiamajame ugdyme&nbsp;<u><em><a href=\"https:\/\/www.bernardinai.lt\/2019-08-20-mokytojo-padejejo-vaidmuo-itraukiajame-ugdyme\/?fbclid=IwAR2dofKJNdsx8FcTPcFlVZsK5WW3S6uHvKnbbi7ROlNO47Lphae8jFtYKHg\">\u017e<\/a><\/em><a href=\"https:\/\/www.bernardinai.lt\/2019-08-20-mokytojo-padejejo-vaidmuo-itraukiajame-ugdyme\/?fbclid=IwAR2dofKJNdsx8FcTPcFlVZsK5WW3S6uHvKnbbi7ROlNO47Lphae8jFtYKHg\"><em>i\u016br\u0117ti \u010dia<\/em><\/a><\/u><\/li>\n<li>Sutrikusios raidos vaik\u0173 konsultavimo skyrius&nbsp;<u><em><a href=\"https:\/\/srvks.lt\/\">\u017e<\/a><\/em><a href=\"https:\/\/srvks.lt\/\"><em>i\u016br\u0117ti \u010dia<\/em><\/a><\/u><\/li>\n<li>\u012etraukiojo ugdymo \u012fgyvendinimo bendrojo ugdymo mokyklose rekomendacijos&nbsp;<u><em><a href=\"https:\/\/www.lakstute.kaunas.lm.lt\/files\/2022-02\/5.rekomendacijos-galutinis-compressed.pdf?cd55d6425f\">\u017ei\u016br\u0117ti \u010dia<\/a><\/em><\/u><\/li>\n<li>\u012evairiapusis raidos sutrikimas: integracija ikimokyklinio ir prie\u0161mokyklinio ugdymo \u012fstaigose (rekomendacijos pedagogams ir t\u0117vams)&nbsp;<u><em><a href=\"https:\/\/www.lakstute.kaunas.lm.lt\/files\/2022-02\/6.-rs-integracija-ikimokyklin-se-st.pdf?4a61b986b4\">\u017e<\/a><\/em><a href=\"https:\/\/www.lakstute.kaunas.lm.lt\/files\/2022-02\/6.-rs-integracija-ikimokyklin-se-st.pdf?4a61b986b4\"><em>i\u016br\u0117ti \u010dia<\/em><\/a><\/u><\/li>\n<li>Vaikams apie ne\u012fgali\u0173j\u0173 teisi\u0173 konvencij\u0105&nbsp;<u><em><a href=\"https:\/\/www.lakstute.kaunas.lm.lt\/files\/2022-02\/7.vaikams-12.pdf?fea623a811\">\u017e<\/a><\/em><a href=\"https:\/\/www.lakstute.kaunas.lm.lt\/files\/2022-02\/7.vaikams-12.pdf?fea623a811\"><em>i\u016br\u0117ti \u010dia<\/em><\/a><\/u><\/li>\n<li>D\u0117mesys kiekvieno mokinio mokymuisi ir pa\u017eangai&nbsp;<u><em><a href=\"https:\/\/www.lakstute.kaunas.lm.lt\/files\/2022-02\/8.d-m-syskiekvienovaiko.pdf?572d08ed3f\">\u017e<\/a><\/em><a href=\"https:\/\/www.lakstute.kaunas.lm.lt\/files\/2022-02\/8.d-m-syskiekvienovaiko.pdf?572d08ed3f\"><em>i\u016br\u0117ti \u010dia<\/em><\/a><\/u><\/li>\n<li>Metodin\u0117 pagalba mokytojams, ugdantiems autizmo spektro sutrikim\u0173 turin\u010dius vaikus&nbsp;<em><u><a href=\"https:\/\/www.emokykla.lt\/titulinis\/pradzia\/metodine-pagalba-mokytojams-ugdantiems-autizmo-spektro-sutrikimu-turincius-vaikus\/46052?home=true&amp;fbclid=IwAR0VX1Iigjr701Sm9zuVajI0QtmNA5iOsFqPpnApyxLIHJc7X1Ev7-zx9QU\">\u017ei\u016br\u0117ti \u010dia<\/a><\/u><\/em><\/li>\n<li>Nauj\u0173 leidini\u0173 serija: kaip pad\u0117ti suprasti ir ugdyti autizmo spektro sutrikim\u0173 turin\u010dius vaikus?&nbsp;<u><em><a href=\"https:\/\/www.svietimonaujienos.lt\/nauju-leidiniu-serija-kaip-padeti-suprasti-ir-ugdyti-autizmo-spektro-sutrikimu-turincius-vaikus\/?fbclid=IwAR07OVMykFFE6ZdwGY9dkShtXWF2fdkTTeaQlsAjbLtA-LoNaapyBiOB7nQ\">\u017ei\u016br\u0117ti \u010dia<\/a><\/em><\/u><\/li>\n<li>Rekomendacijos d\u0117l ikimokyklinio ir prie\u0161mokyklinio ugdymo pedagogini\u0173 studij\u0173 program\u0173 turinio tobulinimo&nbsp;<em><u><a href=\"https:\/\/www.svietimonaujienos.lt\/rekomendacijos-del-ikimokyklinio-ir-priesmokyklinio-ugdymo-pedagoginiu-studiju-programu-turinio-tobulinimo\/\">\u017ei\u016br\u0117ti \u010dia<\/a><\/u><\/em><\/li>\n<li>Knyg\u0173 s\u0105ra\u0161as autizmo tematika&nbsp;<u><em><a href=\"https:\/\/www.lakstute.kaunas.lm.lt\/files\/2022-02\/9.knygu-sarasas.pdf?d9b3ff0896\">\u017ei\u016br\u0117ti \u010dia<\/a><\/em><\/u><\/li>\n<li>Lietuvos \u012ftraukties \u0161vietimo centras&nbsp;<u><a href=\"https:\/\/lisc.lt\/\" target=\"_blank\" rel=\"noopener noreferrer\">\u017ei\u016br\u0117ti \u010dia<\/a><\/u><\/li>\n<\/ul>\n<p><a href=\"https:\/\/www.darzelis.senieji.trakai.lm.lt\/wp-content\/uploads\/2024\/03\/ATMINTIN\u0116-T\u0116VAMS-1.docx\" rel=\"attachment wp-att-8109\">ATMINTIN\u0116-T\u0116VAMS (1) auginantiems vaikus, turin\u010dius klausos sutrikimus<\/a><\/p>\n<p><a href=\"https:\/\/www.darzelis.senieji.trakai.lm.lt\/wp-content\/uploads\/2024\/03\/REKOMENDACIJOS-TEVAMS1-3_autizmas-1.pdf\" rel=\"attachment wp-att-8110\">REKOMENDACIJOS-TEVAMS1-3_autizmas (1)<\/a><\/p>\n","protected":false},"excerpt":{"rendered":"<p>\u0160vietimo pagalbos teikimo algoritmas t\u0117vams 1-Tevams_apie-ugdymosi-poreikiu-vertinima 2-Tevams-ugdymosi-poreikiu-vertinimo-eiga 3-Tevams_kaip-parengti-vaika-pedagoginiam-psichologiniam-vertinimui Informacija-del-apeliacijos-teikimo &nbsp; 2024 m. rugs\u0117j\u012f \u012fsigalios Lietuvos Respublikos \u0160vietimo \u012fstatymo straipsni\u0173 pakeitimai&#8230;<\/p>\n","protected":false},"author":1,"featured_media":0,"parent":0,"menu_order":0,"comment_status":"closed","ping_status":"closed","template":"","meta":{"ngg_post_thumbnail":0,"footnotes":""},"class_list":["post-7813","page","type-page","status-publish","hentry"],"_links":{"self":[{"href":"https:\/\/www.darzelis.senieji.trakai.lm.lt\/index.php?rest_route=\/wp\/v2\/pages\/7813"}],"collection":[{"href":"https:\/\/www.darzelis.senieji.trakai.lm.lt\/index.php?rest_route=\/wp\/v2\/pages"}],"about":[{"href":"https:\/\/www.darzelis.senieji.trakai.lm.lt\/index.php?rest_route=\/wp\/v2\/types\/page"}],"author":[{"embeddable":true,"href":"https:\/\/www.darzelis.senieji.trakai.lm.lt\/index.php?rest_route=\/wp\/v2\/users\/1"}],"replies":[{"embeddable":true,"href":"https:\/\/www.darzelis.senieji.trakai.lm.lt\/index.php?rest_route=%2Fwp%2Fv2%2Fcomments&post=7813"}],"version-history":[{"count":15,"href":"https:\/\/www.darzelis.senieji.trakai.lm.lt\/index.php?rest_route=\/wp\/v2\/pages\/7813\/revisions"}],"predecessor-version":[{"id":8544,"href":"https:\/\/www.darzelis.senieji.trakai.lm.lt\/index.php?rest_route=\/wp\/v2\/pages\/7813\/revisions\/8544"}],"wp:attachment":[{"href":"https:\/\/www.darzelis.senieji.trakai.lm.lt\/index.php?rest_route=%2Fwp%2Fv2%2Fmedia&parent=7813"}],"curies":[{"name":"wp","href":"https:\/\/api.w.org\/{rel}","templated":true}]}}