{"id":6531,"date":"2019-11-07T13:20:52","date_gmt":"2019-11-07T11:20:52","guid":{"rendered":"http:\/\/www.darzelis.senieji.trakai.lm.lt\/?page_id=6531"},"modified":"2025-11-25T15:29:30","modified_gmt":"2025-11-25T13:29:30","slug":"parama","status":"publish","type":"page","link":"https:\/\/www.darzelis.senieji.trakai.lm.lt\/?page_id=6531","title":{"rendered":"Paramos ir ugdymo l\u0117\u0161\u0173 panaudojimo ataskaitos"},"content":{"rendered":"<p>D\u0116MESIO,<\/p>\n<p>Vadovaujantis Trak\u0173 rajono savivaldyb\u0117s tarybos 2022 m. kovo 31 d. sprendimu Nr. S1E-70, patvirtintu \u201eAtlyginimo dyd\u017eio nustatymo u\u017e vaik\u0173, ugdom\u0173 pagal ikimokyklinio ir (ar) prie\u0161mokyklinio ugdymo programas, i\u0161laikym\u0105 Trak\u0173 rajono savivaldyb\u0117s \u0161vietimo \u012fstaigose tvarkos apra\u0161o\u201c 9.2. punktu, Trak\u0173 rajono Sen\u0173j\u0173 Trak\u0173 vaik\u0173 lop\u0161elio \u2013 dar\u017eelio tarybos 2024 m. vasario 28 d. pos\u0117d\u017eio Nr. 2 nutarimu, <u>nuspr\u0119sta nuo 2024 m. baland\u017eio 1 d. Sen\u0173j\u0173 Trak\u0173 vaik\u0173 lop\u0161elyje \u2013 dar\u017eelyje nustatyti kasm\u0117nesin\u012f mokest\u012f u\u017e ugdymo s\u0105lyg\u0173 tenkinim\u0105 15 Eur u\u017e vaik\u0105; gausioms \u0161eimoms \u2013 10 Eur u\u017e vaik\u0105.<\/u><\/p>\n<p><a href=\"https:\/\/www.darzelis.senieji.trakai.lm.lt\/?attachment_id=8554\" rel=\"attachment wp-att-8554\">2024 m. ugdymo l\u0117\u0161\u0173 panaudojimas<\/a><\/p>\n<p><a href=\"https:\/\/www.darzelis.senieji.trakai.lm.lt\/?attachment_id=8548\" rel=\"attachment wp-att-8548\">2023 m. ugdymo l\u0117\u0161\u0173 panaudojimas<\/a><\/p>\n<p><a href=\"https:\/\/www.darzelis.senieji.trakai.lm.lt\/wp-content\/uploads\/2019\/11\/2020-m.-ugdymo-l%c4%97%c5%a1%c5%b3-panaudojimas.pdf\" rel=\"attachment wp-att-6965\">2020 m. ugdymo l\u0117\u0161\u0173 panaudojimas<\/a><\/p>\n<p><a href=\"https:\/\/www.darzelis.senieji.trakai.lm.lt\/wp-content\/uploads\/2019\/11\/2019-m.-ugd-lesu-panaudojimas.doc\" rel=\"attachment wp-att-6964\">2019 m. ugdymo l\u0117\u0161\u0173 ir 2 proc. &nbsp;panaudojimas<\/a><\/p>\n<p><a href=\"https:\/\/www.darzelis.senieji.trakai.lm.lt\/wp-content\/uploads\/2019\/11\/2018-m.-ugdymo-l%c4%97%c5%a1%c5%b3-ir-2-proc.-panaudojimas.pdf\" rel=\"attachment wp-att-6963\">2018-m.-ugdymo-l\u0117\u0161\u0173-ir-2-proc.-panaudojimas<\/a><\/p>\n<p>U\u017e 2017 metus 2% paramos l\u0117\u0161\u0173 gavome&nbsp;920,31 \u20ac.<\/p>\n<p>U\u017e 2016 metus 2% paramos l\u0117\u0161\u0173 gavome 1150 \u20ac.<\/p>\n<p>U\u017e gautas l\u0117\u0161as \u012fsigijome lauko priemones vaik\u0173 pa\u017eintinei veiklai, fiziniam aktyvumui bei vaik\u0173 saugumui aptv\u0117r\u0117me kiemo \u017eaidimo aik\u0161tel\u0119.<\/p>\n<p>U\u017e 2015 metus 2% paramos l\u0117\u0161\u0173 gavome 1569 \u20ac.<\/p>\n<p>U\u017e gautas l\u0117\u0161as \u012fsigijome suoliukus \u012f lauk\u0105 prie scenos, \u012fsigijome medien\u0105, kuri buvo panaudota kiemo scenos darbams pabaigti, \u012fsigijome dviratukus vaikams.<\/p>\n<p>U\u017e 2014 metus 2% paramos l\u0117\u0161\u0173 gavome 1170 \u20ac.<\/p>\n<p style=\"text-align: right;\">Pagarbiai,<\/p>\n<p style=\"text-align: right;\">direktor\u0117 Svetlana Golova\u010d<\/p>\n","protected":false},"excerpt":{"rendered":"<p>D\u0116MESIO, Vadovaujantis Trak\u0173 rajono savivaldyb\u0117s tarybos 2022 m. kovo 31 d. sprendimu Nr. S1E-70, patvirtintu \u201eAtlyginimo dyd\u017eio nustatymo u\u017e vaik\u0173,&#8230;<\/p>\n","protected":false},"author":1,"featured_media":0,"parent":6510,"menu_order":0,"comment_status":"closed","ping_status":"closed","template":"","meta":{"ngg_post_thumbnail":0,"footnotes":""},"class_list":["post-6531","page","type-page","status-publish","hentry"],"_links":{"self":[{"href":"https:\/\/www.darzelis.senieji.trakai.lm.lt\/index.php?rest_route=\/wp\/v2\/pages\/6531"}],"collection":[{"href":"https:\/\/www.darzelis.senieji.trakai.lm.lt\/index.php?rest_route=\/wp\/v2\/pages"}],"about":[{"href":"https:\/\/www.darzelis.senieji.trakai.lm.lt\/index.php?rest_route=\/wp\/v2\/types\/page"}],"author":[{"embeddable":true,"href":"https:\/\/www.darzelis.senieji.trakai.lm.lt\/index.php?rest_route=\/wp\/v2\/users\/1"}],"replies":[{"embeddable":true,"href":"https:\/\/www.darzelis.senieji.trakai.lm.lt\/index.php?rest_route=%2Fwp%2Fv2%2Fcomments&post=6531"}],"version-history":[{"count":17,"href":"https:\/\/www.darzelis.senieji.trakai.lm.lt\/index.php?rest_route=\/wp\/v2\/pages\/6531\/revisions"}],"predecessor-version":[{"id":8555,"href":"https:\/\/www.darzelis.senieji.trakai.lm.lt\/index.php?rest_route=\/wp\/v2\/pages\/6531\/revisions\/8555"}],"up":[{"embeddable":true,"href":"https:\/\/www.darzelis.senieji.trakai.lm.lt\/index.php?rest_route=\/wp\/v2\/pages\/6510"}],"wp:attachment":[{"href":"https:\/\/www.darzelis.senieji.trakai.lm.lt\/index.php?rest_route=%2Fwp%2Fv2%2Fmedia&parent=6531"}],"curies":[{"name":"wp","href":"https:\/\/api.w.org\/{rel}","templated":true}]}}