{"id":6526,"date":"2019-11-07T13:09:28","date_gmt":"2019-11-07T11:09:28","guid":{"rendered":"http:\/\/www.darzelis.senieji.trakai.lm.lt\/?page_id=6526"},"modified":"2026-02-27T14:34:28","modified_gmt":"2026-02-27T12:34:28","slug":"asmens-duomenu-apsauga","status":"publish","type":"page","link":"https:\/\/www.darzelis.senieji.trakai.lm.lt\/?page_id=6526","title":{"rendered":"Asmens duomen\u0173 apsauga"},"content":{"rendered":"<p><a href=\"https:\/\/www.darzelis.senieji.trakai.lm.lt\/?attachment_id=8594\" rel=\"attachment wp-att-8594\">Vaik\u0173-ir-j\u0173-t\u0117v\u0173-glob\u0117j\u0173-r\u016bpintoj\u0173-asmens-duomen\u0173-tvarkymo-taisykl\u0117s<\/a><\/p>\n<p><a href=\"https:\/\/www.darzelis.senieji.trakai.lm.lt\/wp-content\/uploads\/2018\/11\/darbuotoju_asmens_duomenu_saugojimo_politika.pdf\" rel=\"attachment wp-att-6996\">darbuotoj\u0173 asmens duomen\u0173 saugojimo politika<\/a><\/p>\n<p>&nbsp;<\/p>\n","protected":false},"excerpt":{"rendered":"<p>Vaik\u0173-ir-j\u0173-t\u0117v\u0173-glob\u0117j\u0173-r\u016bpintoj\u0173-asmens-duomen\u0173-tvarkymo-taisykl\u0117s darbuotoj\u0173 asmens duomen\u0173 saugojimo politika &nbsp;<\/p>\n","protected":false},"author":1,"featured_media":0,"parent":0,"menu_order":0,"comment_status":"closed","ping_status":"closed","template":"","meta":{"ngg_post_thumbnail":0,"footnotes":""},"class_list":["post-6526","page","type-page","status-publish","hentry"],"_links":{"self":[{"href":"https:\/\/www.darzelis.senieji.trakai.lm.lt\/index.php?rest_route=\/wp\/v2\/pages\/6526"}],"collection":[{"href":"https:\/\/www.darzelis.senieji.trakai.lm.lt\/index.php?rest_route=\/wp\/v2\/pages"}],"about":[{"href":"https:\/\/www.darzelis.senieji.trakai.lm.lt\/index.php?rest_route=\/wp\/v2\/types\/page"}],"author":[{"embeddable":true,"href":"https:\/\/www.darzelis.senieji.trakai.lm.lt\/index.php?rest_route=\/wp\/v2\/users\/1"}],"replies":[{"embeddable":true,"href":"https:\/\/www.darzelis.senieji.trakai.lm.lt\/index.php?rest_route=%2Fwp%2Fv2%2Fcomments&post=6526"}],"version-history":[{"count":6,"href":"https:\/\/www.darzelis.senieji.trakai.lm.lt\/index.php?rest_route=\/wp\/v2\/pages\/6526\/revisions"}],"predecessor-version":[{"id":8595,"href":"https:\/\/www.darzelis.senieji.trakai.lm.lt\/index.php?rest_route=\/wp\/v2\/pages\/6526\/revisions\/8595"}],"wp:attachment":[{"href":"https:\/\/www.darzelis.senieji.trakai.lm.lt\/index.php?rest_route=%2Fwp%2Fv2%2Fmedia&parent=6526"}],"curies":[{"name":"wp","href":"https:\/\/api.w.org\/{rel}","templated":true}]}}