{"id":6492,"date":"2019-11-07T11:23:48","date_gmt":"2019-11-07T09:23:48","guid":{"rendered":"http:\/\/www.darzelis.senieji.trakai.lm.lt\/?page_id=6492"},"modified":"2021-03-04T13:19:21","modified_gmt":"2021-03-04T11:19:21","slug":"teisine-informacija","status":"publish","type":"page","link":"https:\/\/www.darzelis.senieji.trakai.lm.lt\/?page_id=6492","title":{"rendered":"Teisin\u0117 informacija"},"content":{"rendered":"<ul style=\"margin: 1em 0px 1em 11px; padding: 0px; text-align: left; color: #444340; text-transform: none; text-indent: 0px; letter-spacing: normal; font-family: 'Source Sans Pro', Arial, 'Arial Unicode MS', Helvetica, sans-serif; font-size: 16px; font-style: normal; font-weight: 400; word-spacing: 0px; list-style-type: none; white-space: normal; orphans: 2; widows: 2; background-color: #ffffff; font-variant-ligatures: normal; font-variant-caps: normal; -webkit-text-stroke-width: 0px; text-decoration-style: initial; text-decoration-color: initial;\">\n<li style=\"margin: 3px 0px 0px; padding: 0px 0px 0px 13px; color: #303f50; line-height: 28px; font-family: 'Source Sans Pro', Arial, 'Arial Unicode MS', Helvetica, sans-serif; font-size: 16px;\"><strong><a style=\"margin: 0px; padding: 0px; color: #15b6b8; line-height: 28px; font-family: 'Source Sans Pro', Arial, 'Arial Unicode MS', Helvetica, sans-serif; font-size: 16px; text-decoration: none;\" href=\"https:\/\/e-seimas.lrs.lt\/portal\/legalAct\/lt\/TAD\/TAIS.26397\/VnyvTygtoo\">VAIKO TEISI\u0172 APSAUGOS PAGRIND\u0172 \u012eSTATYMAS\u00a0<\/a><\/strong><\/li>\n<li style=\"margin: 3px 0px 0px; padding: 0px 0px 0px 13px; color: #303f50; line-height: 28px; font-family: 'Source Sans Pro', Arial, 'Arial Unicode MS', Helvetica, sans-serif; font-size: 16px;\"><a style=\"margin: 0px; padding: 0px; color: #15b6b8; line-height: 28px; font-family: 'Source Sans Pro', Arial, 'Arial Unicode MS', Helvetica, sans-serif; font-size: 16px; text-decoration: none;\" href=\"https:\/\/e-seimas.lrs.lt\/portal\/legalAct\/lt\/TAD\/TAIS.395105\"><strong>LIETUVOS RESPUBLIKOS \u0160VIETIMO \u012eSTATYMAS\u00a0<\/strong><\/a><\/li>\n<li style=\"margin: 3px 0px 0px; padding: 0px 0px 0px 13px; color: #303f50; line-height: 28px; font-family: 'Source Sans Pro', Arial, 'Arial Unicode MS', Helvetica, sans-serif; font-size: 16px;\"><a style=\"margin: 0px; padding: 0px; color: #15b6b8; line-height: 28px; font-family: 'Source Sans Pro', Arial, 'Arial Unicode MS', Helvetica, sans-serif; font-size: 16px; text-decoration: none;\" href=\"https:\/\/e-seimas.lrs.lt\/portal\/legalAct\/lt\/TAD\/TAIS.19848\"><strong>VAIKO TEISI\u0172 KONVENCIJA<\/strong><\/a><\/li>\n<li style=\"margin: 3px 0px 0px; padding: 0px 0px 0px 13px; color: #303f50; line-height: 28px; font-family: 'Source Sans Pro', Arial, 'Arial Unicode MS', Helvetica, sans-serif; font-size: 16px;\"><a style=\"margin: 0px; padding: 0px; color: #15b6b8; line-height: 28px; font-family: 'Source Sans Pro', Arial, 'Arial Unicode MS', Helvetica, sans-serif; font-size: 16px; text-decoration: none;\" href=\"https:\/\/www.e-tar.lt\/portal\/legalAct.html?documentId=b1fb6cc089d911e397b5c02d3197f382\"><strong>VALSTYBIN\u0116 \u0160VIETIMO 2013-2022 MET\u0172 STRATEGIJA<\/strong><\/a><\/li>\n<\/ul>\n<p>&nbsp;<\/p>\n<p>&nbsp;<\/p>\n","protected":false},"excerpt":{"rendered":"<p>VAIKO TEISI\u0172 APSAUGOS PAGRIND\u0172 \u012eSTATYMAS\u00a0 LIETUVOS RESPUBLIKOS \u0160VIETIMO \u012eSTATYMAS\u00a0 VAIKO TEISI\u0172 KONVENCIJA VALSTYBIN\u0116 \u0160VIETIMO 2013-2022 MET\u0172 STRATEGIJA &nbsp; &nbsp;<\/p>\n","protected":false},"author":1,"featured_media":0,"parent":0,"menu_order":0,"comment_status":"closed","ping_status":"closed","template":"","meta":{"ngg_post_thumbnail":0,"footnotes":""},"class_list":["post-6492","page","type-page","status-publish","hentry"],"_links":{"self":[{"href":"https:\/\/www.darzelis.senieji.trakai.lm.lt\/index.php?rest_route=\/wp\/v2\/pages\/6492"}],"collection":[{"href":"https:\/\/www.darzelis.senieji.trakai.lm.lt\/index.php?rest_route=\/wp\/v2\/pages"}],"about":[{"href":"https:\/\/www.darzelis.senieji.trakai.lm.lt\/index.php?rest_route=\/wp\/v2\/types\/page"}],"author":[{"embeddable":true,"href":"https:\/\/www.darzelis.senieji.trakai.lm.lt\/index.php?rest_route=\/wp\/v2\/users\/1"}],"replies":[{"embeddable":true,"href":"https:\/\/www.darzelis.senieji.trakai.lm.lt\/index.php?rest_route=%2Fwp%2Fv2%2Fcomments&post=6492"}],"version-history":[{"count":8,"href":"https:\/\/www.darzelis.senieji.trakai.lm.lt\/index.php?rest_route=\/wp\/v2\/pages\/6492\/revisions"}],"predecessor-version":[{"id":7082,"href":"https:\/\/www.darzelis.senieji.trakai.lm.lt\/index.php?rest_route=\/wp\/v2\/pages\/6492\/revisions\/7082"}],"wp:attachment":[{"href":"https:\/\/www.darzelis.senieji.trakai.lm.lt\/index.php?rest_route=%2Fwp%2Fv2%2Fmedia&parent=6492"}],"curies":[{"name":"wp","href":"https:\/\/api.w.org\/{rel}","templated":true}]}}