{"id":5993,"date":"2018-11-29T14:15:00","date_gmt":"2018-11-29T12:15:00","guid":{"rendered":"http:\/\/www.darzelis.senieji.trakai.lm.lt\/?page_id=5993"},"modified":"2026-02-05T11:03:42","modified_gmt":"2026-02-05T09:03:42","slug":"veiklos-dokumentai","status":"publish","type":"page","link":"https:\/\/www.darzelis.senieji.trakai.lm.lt\/?page_id=5993","title":{"rendered":"Veiklos dokumentai (tvarkos, taisykl\u0117s)"},"content":{"rendered":"<p><a href=\"https:\/\/www.darzelis.senieji.trakai.lm.lt\/?attachment_id=8476\" rel=\"attachment wp-att-8476\">Darbuotoj\u0173 pareig\u0173 pa\u017eeidimo fiksavimo, tyrimo ir darbuotoj\u0173 \u012fsp\u0117jimo d\u0117l \u012fvykdyto pa\u017eeidimo tvarkos apra\u0161as<\/a><\/p>\n<p><a href=\"https:\/\/www.darzelis.senieji.trakai.lm.lt\/?attachment_id=8426\" rel=\"attachment wp-att-8426\">Darbo apmokejimo sistema<\/a><\/p>\n<p><a href=\"https:\/\/www.darzelis.senieji.trakai.lm.lt\/?attachment_id=8421\" rel=\"attachment wp-att-8421\">Dokument\u0173 valdymo ir asmen\u0173 aptarnavimo taisykl\u0117s<\/a><\/p>\n<p><a href=\"https:\/\/www.darzelis.senieji.trakai.lm.lt\/?attachment_id=8345\" rel=\"attachment wp-att-8345\">Rizik\u0173 valdymo politika<\/a><\/p>\n<p><a href=\"https:\/\/www.darzelis.senieji.trakai.lm.lt\/?attachment_id=8348\" rel=\"attachment wp-att-8348\">Mokyklos rizik\u0173 vertinimas, 2024-10-29<\/a><\/p>\n<p><a href=\"https:\/\/www.darzelis.senieji.trakai.lm.lt\/?attachment_id=8560\" rel=\"attachment wp-att-8560\">Mokyklos rizik\u0173 vertinimas, 2025-10-29<\/a><\/p>\n<p><a href=\"https:\/\/www.darzelis.senieji.trakai.lm.lt\/wp-content\/uploads\/2018\/11\/Darbuotoj%c5%b3-veiksm%c5%b3-ugdytiniui-susirgus-ar-patyrus-traum%c4%85-mokykloje-ir-teis%c4%97t%c5%b3-ugdytinio-atstov%c5%b3-informavimo-apie-mokykloje-patirt%c4%85-traum%c4%85-ar-%c5%abm%c5%b3-sveikatos-sutrikim%c4%85-tvarkos-apra%c5%a1as.pdf\" rel=\"attachment wp-att-7518\">Darbuotoj\u0173 veiksm\u0173 ugdytiniui susirgus ar patyrus traum\u0105 mokykloje ir teis\u0117t\u0173 ugdytinio atstov\u0173 informavimo apie mokykloje patirt\u0105 traum\u0105 ar \u016bm\u0173 sveikatos sutrikim\u0105 tvarkos apra\u0161as<\/a><\/p>\n<p><a href=\"https:\/\/www.darzelis.senieji.trakai.lm.lt\/wp-content\/uploads\/2018\/11\/Elektroninio-dienyno-tvarkymo-nuostatai.pdf\" rel=\"attachment wp-att-7519\">Elektroninio dienyno tvarkymo nuostatai<\/a><\/p>\n<p><a href=\"https:\/\/www.darzelis.senieji.trakai.lm.lt\/wp-content\/uploads\/2018\/11\/Etikos-kodeksas.pdf\" rel=\"attachment wp-att-7520\">Etikos kodeksas<\/a><\/p>\n<p><a href=\"https:\/\/www.darzelis.senieji.trakai.lm.lt\/wp-content\/uploads\/2018\/11\/Fizinio-ir-psichologinio-smurto-prie%c5%a1-darbuotojus-prevencijos-ir-intervencijos-tvarkos-apra%c5%a1as.pdf\" rel=\"attachment wp-att-7521\">Fizinio ir psichologinio smurto prie\u0161 darbuotojus prevencijos ir intervencijos tvarkos apra\u0161as<\/a><\/p>\n<p><a href=\"https:\/\/www.darzelis.senieji.trakai.lm.lt\/wp-content\/uploads\/2018\/11\/Informacini%c5%b3-ir-komunikacini%c5%b3-technologij%c5%b3-naudojimo-bei-darbuotoj%c5%b3-steb%c4%97senos-ir-kontrol%c4%97s-darbo-vietoje-tvarka..pdf\" rel=\"attachment wp-att-7522\">Informacini\u0173 ir komunikacini\u0173 technologij\u0173 naudojimo bei darbuotoj\u0173 steb\u0117senos ir kontrol\u0117s darbo vietoje tvarka.<\/a><\/p>\n<p><a href=\"https:\/\/www.darzelis.senieji.trakai.lm.lt\/wp-content\/uploads\/2018\/11\/Vaik%c5%b3-ir-j%c5%b3-t%c4%97v%c5%b3-glob%c4%97j%c5%b3-r%c5%abpintoj%c5%b3-asmens-duomen%c5%b3-tvarkymo-taisykl%c4%97s.pdf\" rel=\"attachment wp-att-7523\">Vaik\u0173 ir j\u0173 t\u0117v\u0173 (glob\u0117j\u0173, r\u016bpintoj\u0173) asmens duomen\u0173 tvarkymo taisykl\u0117s<\/a><\/p>\n<p><a href=\"https:\/\/www.darzelis.senieji.trakai.lm.lt\/wp-content\/uploads\/2018\/11\/Vidaus-kontrol%c4%97s-politika.pdf\" rel=\"attachment wp-att-7524\">Vidaus kontrol\u0117s politika<\/a><\/p>\n<p><a href=\"https:\/\/www.darzelis.senieji.trakai.lm.lt\/wp-content\/uploads\/2018\/11\/Turizmo-renginiu-organizavimo-tvarkos-aprasas.pdf\" rel=\"attachment wp-att-7002\">Turizmo rengini\u0173 organizavimo tvarkos apra\u0161as<\/a><\/p>\n<p><a href=\"https:\/\/www.darzelis.senieji.trakai.lm.lt\/wp-content\/uploads\/2018\/11\/renginiu-organizavimo-tvarkos-aprasas.pdf\" rel=\"attachment wp-att-7004\">Rengini\u0173 organizavimo tvarkos apra\u0161as<\/a><\/p>\n<p><a href=\"https:\/\/www.darzelis.senieji.trakai.lm.lt\/wp-content\/uploads\/2018\/11\/Lygiu-galimybiu-politika.pdf\" rel=\"attachment wp-att-7006\">Lygi\u0173 galimybi\u0173 politika<\/a><\/p>\n<p>&nbsp;<\/p>\n<p>&nbsp;<\/p>\n<p>&nbsp;<\/p>\n<p>&nbsp;<\/p>\n","protected":false},"excerpt":{"rendered":"<p>Darbuotoj\u0173 pareig\u0173 pa\u017eeidimo fiksavimo, tyrimo ir darbuotoj\u0173 \u012fsp\u0117jimo d\u0117l \u012fvykdyto pa\u017eeidimo tvarkos apra\u0161as Darbo apmokejimo sistema Dokument\u0173 valdymo ir asmen\u0173&#8230;<\/p>\n","protected":false},"author":1,"featured_media":0,"parent":35,"menu_order":0,"comment_status":"closed","ping_status":"closed","template":"","meta":{"ngg_post_thumbnail":0,"footnotes":""},"class_list":["post-5993","page","type-page","status-publish","hentry"],"_links":{"self":[{"href":"https:\/\/www.darzelis.senieji.trakai.lm.lt\/index.php?rest_route=\/wp\/v2\/pages\/5993"}],"collection":[{"href":"https:\/\/www.darzelis.senieji.trakai.lm.lt\/index.php?rest_route=\/wp\/v2\/pages"}],"about":[{"href":"https:\/\/www.darzelis.senieji.trakai.lm.lt\/index.php?rest_route=\/wp\/v2\/types\/page"}],"author":[{"embeddable":true,"href":"https:\/\/www.darzelis.senieji.trakai.lm.lt\/index.php?rest_route=\/wp\/v2\/users\/1"}],"replies":[{"embeddable":true,"href":"https:\/\/www.darzelis.senieji.trakai.lm.lt\/index.php?rest_route=%2Fwp%2Fv2%2Fcomments&post=5993"}],"version-history":[{"count":32,"href":"https:\/\/www.darzelis.senieji.trakai.lm.lt\/index.php?rest_route=\/wp\/v2\/pages\/5993\/revisions"}],"predecessor-version":[{"id":8578,"href":"https:\/\/www.darzelis.senieji.trakai.lm.lt\/index.php?rest_route=\/wp\/v2\/pages\/5993\/revisions\/8578"}],"up":[{"embeddable":true,"href":"https:\/\/www.darzelis.senieji.trakai.lm.lt\/index.php?rest_route=\/wp\/v2\/pages\/35"}],"wp:attachment":[{"href":"https:\/\/www.darzelis.senieji.trakai.lm.lt\/index.php?rest_route=%2Fwp%2Fv2%2Fmedia&parent=5993"}],"curies":[{"name":"wp","href":"https:\/\/api.w.org\/{rel}","templated":true}]}}