{"id":56,"date":"2010-03-29T11:42:45","date_gmt":"2010-03-29T08:42:45","guid":{"rendered":"http:\/\/www2008.vu.lt\/?page_id=56"},"modified":"2026-03-12T19:40:36","modified_gmt":"2026-03-12T17:40:36","slug":"strateginis-planas-2010-2015-m","status":"publish","type":"page","link":"https:\/\/www.darzelis.senieji.trakai.lm.lt\/?page_id=56","title":{"rendered":"<!--:lt-->Strateginiai planai<!--:-->"},"content":{"rendered":"<p><a href=\"https:\/\/www.darzelis.senieji.trakai.lm.lt\/?attachment_id=8597\" rel=\"attachment wp-att-8597\">STRATEGINIO PLANO \u012eGYVENDINIMO ATASKAITA 2025 M.<\/a><\/p>\n<p><a href=\"https:\/\/www.darzelis.senieji.trakai.lm.lt\/?attachment_id=8403\" rel=\"attachment wp-att-8403\">STRATEGINIO PLANO \u012eGYV. 2024 M (1).doc<\/a><\/p>\n<p><a href=\"https:\/\/www.darzelis.senieji.trakai.lm.lt\/wp-content\/uploads\/2010\/03\/Sen%c5%b3j%c5%b3-Trak%c5%b3-vaik%c5%b3-lop%c5%a1elio-dar%c5%beelio-strateginis-planas-2024-2026-m..pdf\" rel=\"attachment wp-att-8048\">Sen\u0173j\u0173 Trak\u0173 vaik\u0173 lop\u0161elio-dar\u017eelio strateginis planas 2024 &#8211; 2026 m.<\/a><\/p>\n<p><a href=\"https:\/\/www.darzelis.senieji.trakai.lm.lt\/?attachment_id=8550\" rel=\"attachment wp-att-8550\">STRATEGINIO PLANO \u012eGYV. 2023 M.<\/a><\/p>\n<p><a href=\"https:\/\/www.darzelis.senieji.trakai.lm.lt\/wp-content\/uploads\/2010\/03\/S.Traku-darzelio-2019-2023-metu-strateginis-planas.pdf\">Sen\u0173j\u0173 Trak\u0173 vaik\u0173 lop\u0161elio &#8211; dar\u017eelio&nbsp;&nbsp;2019-2023 met\u0173 strateginis planas<\/a><\/p>\n<p><a href=\"https:\/\/www.darzelis.senieji.trakai.lm.lt\/wp-content\/uploads\/2010\/03\/STRATEGINIO-PLANO-%c4%aeGYV.-2022-M.pdf\" rel=\"attachment wp-att-7545\">STRATEGINIO PLANO \u012eGYV. 2022 M<\/a><\/p>\n<p><a href=\"https:\/\/www.darzelis.senieji.trakai.lm.lt\/wp-content\/uploads\/2010\/03\/STRATEGINIO-PLANO-%c4%aeGYV-2021-M.pdf\" rel=\"attachment wp-att-7543\">STRATEGINIO PLANO \u012eGYV 2021 M<\/a><\/p>\n<p><a href=\"https:\/\/www.darzelis.senieji.trakai.lm.lt\/wp-content\/uploads\/2010\/03\/STRATEGINIO-PLANO-%c4%aeGYV-2020-M.pdf\" rel=\"attachment wp-att-7542\">STRATEGINIO PLANO \u012eGYV 2020 M<\/a><\/p>\n<p><a href=\"https:\/\/www.darzelis.senieji.trakai.lm.lt\/wp-content\/uploads\/2010\/03\/STRATEGINIO-PLANO-%c4%aeGYV.-2019-M.pdf\" rel=\"attachment wp-att-7544\">STRATEGINIO PLANO \u012eGYV. 2019 M<\/a><\/p>\n<p><!--:lt--><a href=\"https:\/\/www.darzelis.senieji.trakai.lm.lt\/wp-content\/uploads\/2010\/03\/Musu-strateginis-2015-2018.doc\">&nbsp;Sen\u0173j\u0173 Trak\u0173 vaik\u0173 lop\u0161elio &#8211; dar\u017eelio strateginis planas 2015-2018<\/a><\/p>\n<p>&nbsp;<\/p>\n<p><!--:--><!--:pl--><\/p>\n<p><!--:--><\/p>\n","protected":false},"excerpt":{"rendered":"<p>STRATEGINIO PLANO \u012eGYVENDINIMO ATASKAITA 2025 M. STRATEGINIO PLANO \u012eGYV. 2024 M (1).doc Sen\u0173j\u0173 Trak\u0173 vaik\u0173 lop\u0161elio-dar\u017eelio strateginis planas 2024 &#8211;&#8230;<\/p>\n","protected":false},"author":1,"featured_media":0,"parent":35,"menu_order":1,"comment_status":"closed","ping_status":"closed","template":"","meta":{"ngg_post_thumbnail":0,"footnotes":""},"class_list":["post-56","page","type-page","status-publish","hentry"],"_links":{"self":[{"href":"https:\/\/www.darzelis.senieji.trakai.lm.lt\/index.php?rest_route=\/wp\/v2\/pages\/56"}],"collection":[{"href":"https:\/\/www.darzelis.senieji.trakai.lm.lt\/index.php?rest_route=\/wp\/v2\/pages"}],"about":[{"href":"https:\/\/www.darzelis.senieji.trakai.lm.lt\/index.php?rest_route=\/wp\/v2\/types\/page"}],"author":[{"embeddable":true,"href":"https:\/\/www.darzelis.senieji.trakai.lm.lt\/index.php?rest_route=\/wp\/v2\/users\/1"}],"replies":[{"embeddable":true,"href":"https:\/\/www.darzelis.senieji.trakai.lm.lt\/index.php?rest_route=%2Fwp%2Fv2%2Fcomments&post=56"}],"version-history":[{"count":27,"href":"https:\/\/www.darzelis.senieji.trakai.lm.lt\/index.php?rest_route=\/wp\/v2\/pages\/56\/revisions"}],"predecessor-version":[{"id":8600,"href":"https:\/\/www.darzelis.senieji.trakai.lm.lt\/index.php?rest_route=\/wp\/v2\/pages\/56\/revisions\/8600"}],"up":[{"embeddable":true,"href":"https:\/\/www.darzelis.senieji.trakai.lm.lt\/index.php?rest_route=\/wp\/v2\/pages\/35"}],"wp:attachment":[{"href":"https:\/\/www.darzelis.senieji.trakai.lm.lt\/index.php?rest_route=%2Fwp%2Fv2%2Fmedia&parent=56"}],"curies":[{"name":"wp","href":"https:\/\/api.w.org\/{rel}","templated":true}]}}