{"id":5561,"date":"2017-12-01T14:52:47","date_gmt":"2017-12-01T12:52:47","guid":{"rendered":"http:\/\/www.darzelis.senieji.trakai.lm.lt\/?page_id=5561"},"modified":"2024-10-07T14:48:47","modified_gmt":"2024-10-07T11:48:47","slug":"smurto-ir-patyciu-prevencija","status":"publish","type":"page","link":"https:\/\/www.darzelis.senieji.trakai.lm.lt\/?page_id=5561","title":{"rendered":"Smurto ir paty\u010di\u0173 prevencija"},"content":{"rendered":"<p><a href=\"https:\/\/www.darzelis.senieji.trakai.lm.lt\/wp-content\/uploads\/2017\/12\/smurto-ir-patyciu-prevencijos-tvarkos-aprasas.pdf\" rel=\"attachment wp-att-7027\">Smurto ir paty\u010di\u0173 prevencijos tvarkos apra\u0161as<\/a><\/p>\n<p>&nbsp;<\/p>\n<p>&nbsp;<\/p>\n<p>&nbsp;<\/p>\n<p><a href=\"https:\/\/www.darzelis.senieji.trakai.lm.lt\/wp-content\/uploads\/2017\/12\/%c4%aesakymas-d%c4%97l-rekomendacij%c5%b3-mokykloms-d%c4%97l-smurto-artimoje-aplinkoje-atpa%c5%beinimo-kriterij%c5%b3-ir-veiksm%c5%b3-kilus-%c4%aftarimui-d%c4%97l-galimo-smurto-artimoje-aplinkoje-patvirtinimo.pdf\">\u012esakymas d\u0117l rekomendacij\u0173 mokykloms d\u0117l smurto artimoje aplinkoje atpa\u017einimo kriterij\u0173 ir veiksm\u0173, kilus \u012ftarimui d\u0117l galimo smurto artimoje aplinkoje patvirtinimo<\/a><\/p>\n","protected":false},"excerpt":{"rendered":"<p>Smurto ir paty\u010di\u0173 prevencijos tvarkos apra\u0161as &nbsp; &nbsp; &nbsp; \u012esakymas d\u0117l rekomendacij\u0173 mokykloms d\u0117l smurto artimoje aplinkoje atpa\u017einimo kriterij\u0173 ir&#8230;<\/p>\n","protected":false},"author":1,"featured_media":0,"parent":101,"menu_order":0,"comment_status":"closed","ping_status":"closed","template":"","meta":{"ngg_post_thumbnail":0,"footnotes":""},"class_list":["post-5561","page","type-page","status-publish","hentry"],"_links":{"self":[{"href":"https:\/\/www.darzelis.senieji.trakai.lm.lt\/index.php?rest_route=\/wp\/v2\/pages\/5561"}],"collection":[{"href":"https:\/\/www.darzelis.senieji.trakai.lm.lt\/index.php?rest_route=\/wp\/v2\/pages"}],"about":[{"href":"https:\/\/www.darzelis.senieji.trakai.lm.lt\/index.php?rest_route=\/wp\/v2\/types\/page"}],"author":[{"embeddable":true,"href":"https:\/\/www.darzelis.senieji.trakai.lm.lt\/index.php?rest_route=\/wp\/v2\/users\/1"}],"replies":[{"embeddable":true,"href":"https:\/\/www.darzelis.senieji.trakai.lm.lt\/index.php?rest_route=%2Fwp%2Fv2%2Fcomments&post=5561"}],"version-history":[{"count":7,"href":"https:\/\/www.darzelis.senieji.trakai.lm.lt\/index.php?rest_route=\/wp\/v2\/pages\/5561\/revisions"}],"predecessor-version":[{"id":8191,"href":"https:\/\/www.darzelis.senieji.trakai.lm.lt\/index.php?rest_route=\/wp\/v2\/pages\/5561\/revisions\/8191"}],"up":[{"embeddable":true,"href":"https:\/\/www.darzelis.senieji.trakai.lm.lt\/index.php?rest_route=\/wp\/v2\/pages\/101"}],"wp:attachment":[{"href":"https:\/\/www.darzelis.senieji.trakai.lm.lt\/index.php?rest_route=%2Fwp%2Fv2%2Fmedia&parent=5561"}],"curies":[{"name":"wp","href":"https:\/\/api.w.org\/{rel}","templated":true}]}}