{"id":4612,"date":"2015-09-11T10:14:59","date_gmt":"2015-09-11T07:14:59","guid":{"rendered":"http:\/\/www.darzelis.senieji.trakai.lm.lt\/?page_id=4612"},"modified":"2026-04-10T11:31:55","modified_gmt":"2026-04-10T08:31:55","slug":"direktoriaus-ataskaitos","status":"publish","type":"page","link":"https:\/\/www.darzelis.senieji.trakai.lm.lt\/?page_id=4612","title":{"rendered":"Mokyklos direktoriaus metin\u0117s veiklos ataskaitos"},"content":{"rendered":"<p><a href=\"https:\/\/www.darzelis.senieji.trakai.lm.lt\/?attachment_id=8634\" rel=\"attachment wp-att-8634\">Direktores-2025-m.-veiklos-ataskaita<\/a><\/p>\n<p><a href=\"https:\/\/www.darzelis.senieji.trakai.lm.lt\/?attachment_id=8406\" rel=\"attachment wp-att-8406\">Direktores-2024-m.-veiklos-ataskaita<\/a><\/p>\n<p><a href=\"https:\/\/www.darzelis.senieji.trakai.lm.lt\/wp-content\/uploads\/2015\/09\/Direktor%c4%97s-2023-m.-veiklos-ataskaita-3.pdf\" rel=\"attachment wp-att-7838\">Direktor\u0117s 2023 m. veiklos ataskaita&nbsp;<\/a><\/p>\n<p><a href=\"https:\/\/www.darzelis.senieji.trakai.lm.lt\/wp-content\/uploads\/2015\/09\/Direktores-2022-m.-veiklos-ataskaita-1.pdf\" rel=\"attachment wp-att-7555\">Direktores 2022 m. veiklos ataskaita<\/a><\/p>\n<p><a href=\"https:\/\/www.darzelis.senieji.trakai.lm.lt\/wp-content\/uploads\/2015\/09\/direktores-2021-m.-veiklos-ataskaita.pdf\" rel=\"attachment wp-att-7535\">Direktor\u0117s 2021 m. veiklos ataskaita<\/a><\/p>\n<p><a href=\"https:\/\/www.darzelis.senieji.trakai.lm.lt\/wp-content\/uploads\/2010\/07\/Direktores-2020-m.-veiklos-ataskaita-7.pdf\" rel=\"attachment wp-att-7177\">Direktor\u0117s 2020 m. veiklos ataskaita<\/a><\/p>\n<p><a href=\"https:\/\/www.darzelis.senieji.trakai.lm.lt\/wp-content\/uploads\/2015\/09\/Direktores-metine-ataskaita-2019-m..pdf\" rel=\"attachment wp-att-6900\">Direktor\u0117s metine ataskaita 2019 m.<\/a><\/p>\n<p><a href=\"https:\/\/www.darzelis.senieji.trakai.lm.lt\/wp-content\/uploads\/2015\/09\/Direktores-2018-metu-veiklos-ataskaita.pdf\">Direktor\u0117s 2018 metu veiklos ataskaita<\/a><\/p>\n<p><a href=\"https:\/\/www.darzelis.senieji.trakai.lm.lt\/wp-content\/uploads\/2015\/09\/Dir.ataskaita-2017-m..pdf\">Direktor\u0117s metin\u0117 ataskaita, 2017 m.<\/a><\/p>\n<p><a href=\"https:\/\/www.darzelis.senieji.trakai.lm.lt\/wp-content\/uploads\/2015\/09\/Direktores-metine-ataskaita-2016-m.-1.doc\">Direktor\u0117s metin\u0117 ataskaita, 2016 m.<\/a><\/p>\n<p><a href=\"https:\/\/www.darzelis.senieji.trakai.lm.lt\/wp-content\/uploads\/2015\/09\/Direktores-metine-ataskaita-2015-m.-2.doc\">Direktor\u0117s metin\u0117 ataskaita, 2015 m. <\/a><\/p>\n<p><a href=\"https:\/\/www.darzelis.senieji.trakai.lm.lt\/wp-content\/uploads\/2015\/09\/Direktores-metine-ataskaita-2014-m.1.doc\">Direktor\u0117s metin\u0117 ataskaita, <\/a><a href=\"http:\/\/www.darzelis.senieji.trakai.lm.lt\/wp-content\/uploads\/2015\/09\/Direktores-metine-ataskaita-2014-m.1.doc\">2014 m.<\/a><\/p>\n<p><a href=\"https:\/\/www.darzelis.senieji.trakai.lm.lt\/wp-content\/uploads\/2015\/09\/Direktores-metine-ataskaita-2013-m..doc\">Direktor\u0117s metin\u0117 ataskaita,<\/a> <a href=\"http:\/\/www.darzelis.senieji.trakai.lm.lt\/wp-content\/uploads\/2015\/09\/Direktores-metine-ataskaita-2013-m..doc\">2013 m.<\/a><\/p>\n<p><a href=\"https:\/\/www.darzelis.senieji.trakai.lm.lt\/wp-content\/uploads\/2015\/09\/Direktores-metine-ataskaita-2012-m..doc\">Direktor\u0117s metin\u0117 ataskaita, 2012 m.<\/a><\/p>\n","protected":false},"excerpt":{"rendered":"<p>Direktores-2025-m.-veiklos-ataskaita Direktores-2024-m.-veiklos-ataskaita Direktor\u0117s 2023 m. veiklos ataskaita&nbsp; Direktores 2022 m. veiklos ataskaita Direktor\u0117s 2021 m. veiklos ataskaita Direktor\u0117s 2020 m&#8230;.<\/p>\n","protected":false},"author":1,"featured_media":0,"parent":35,"menu_order":0,"comment_status":"closed","ping_status":"closed","template":"","meta":{"ngg_post_thumbnail":0,"footnotes":""},"class_list":["post-4612","page","type-page","status-publish","hentry"],"_links":{"self":[{"href":"https:\/\/www.darzelis.senieji.trakai.lm.lt\/index.php?rest_route=\/wp\/v2\/pages\/4612"}],"collection":[{"href":"https:\/\/www.darzelis.senieji.trakai.lm.lt\/index.php?rest_route=\/wp\/v2\/pages"}],"about":[{"href":"https:\/\/www.darzelis.senieji.trakai.lm.lt\/index.php?rest_route=\/wp\/v2\/types\/page"}],"author":[{"embeddable":true,"href":"https:\/\/www.darzelis.senieji.trakai.lm.lt\/index.php?rest_route=\/wp\/v2\/users\/1"}],"replies":[{"embeddable":true,"href":"https:\/\/www.darzelis.senieji.trakai.lm.lt\/index.php?rest_route=%2Fwp%2Fv2%2Fcomments&post=4612"}],"version-history":[{"count":28,"href":"https:\/\/www.darzelis.senieji.trakai.lm.lt\/index.php?rest_route=\/wp\/v2\/pages\/4612\/revisions"}],"predecessor-version":[{"id":5016,"href":"https:\/\/www.darzelis.senieji.trakai.lm.lt\/index.php?rest_route=\/wp\/v2\/pages\/4612\/revisions\/5016"}],"up":[{"embeddable":true,"href":"https:\/\/www.darzelis.senieji.trakai.lm.lt\/index.php?rest_route=\/wp\/v2\/pages\/35"}],"wp:attachment":[{"href":"https:\/\/www.darzelis.senieji.trakai.lm.lt\/index.php?rest_route=%2Fwp%2Fv2%2Fmedia&parent=4612"}],"curies":[{"name":"wp","href":"https:\/\/api.w.org\/{rel}","templated":true}]}}