{"id":37,"date":"2010-03-29T11:14:28","date_gmt":"2010-03-29T08:14:28","guid":{"rendered":"http:\/\/www2008.vu.lt\/?page_id=37"},"modified":"2025-06-13T10:43:32","modified_gmt":"2025-06-13T07:43:32","slug":"vykdomos-programos","status":"publish","type":"page","link":"https:\/\/www.darzelis.senieji.trakai.lm.lt\/?page_id=37","title":{"rendered":"<!--:lt-->Vykdomos programos<!--:-->"},"content":{"rendered":"<p style=\"text-align: center;\"><a href=\"https:\/\/www.darzelis.senieji.trakai.lm.lt\/?attachment_id=8487\" rel=\"attachment wp-att-8487\">2025 m. Trak\u0173 rajono ikimokyklinio ugdymo programa<\/a><\/p>\n<p style=\"text-align: center;\"><a href=\"https:\/\/www.darzelis.senieji.trakai.lm.lt\/?attachment_id=8488\" rel=\"attachment wp-att-8488\">Ikimokyklinio ugdymo programa &#8222;Atrandu pasaul\u012f&#8221; 2025<\/a><\/p>\n<p style=\"text-align: center;\"><a href=\"https:\/\/www.darzelis.senieji.trakai.lm.lt\/wp-content\/uploads\/2017\/12\/Alkoholio-tabako-ir-kit%C5%B3-psichik%C4%85-veikian%C4%8Di%C5%B3-med%C5%BEiag%C5%B3-vartojimo-prevencijos-programa.pdf\" rel=\"attachment wp-att-7028\">Alkoholio-tabako-ir-kit\u0173-psichik\u0105-veikian\u010di\u0173-med\u017eiag\u0173-vartojimo-prevencijos-programa<\/a><\/p>\n<p style=\"text-align: center;\"><a href=\"https:\/\/www.darzelis.senieji.trakai.lm.lt\/wp-content\/uploads\/2010\/03\/222_0603_PERZIURAI.pdf\">REKOMENDACIJOS<\/a><\/p>\n<p style=\"text-align: center;\">&nbsp;&nbsp; <a href=\"https:\/\/www2008.vu.lt\/wp-content\/uploads\/2010\/03\/Gyvenimo_igudziu_ugdymo_programa.pdf\">Gyvenimo \u012fg\u016bd\u017ei\u0173 ugdymo programa<\/a><\/p>\n<p>&nbsp;<\/p>\n<p><!--:--><!--:pl--><\/p>\n<p><!--:--><\/p>\n","protected":false},"excerpt":{"rendered":"<p>2025 m. Trak\u0173 rajono ikimokyklinio ugdymo programa Ikimokyklinio ugdymo programa &#8222;Atrandu pasaul\u012f&#8221; 2025 Alkoholio-tabako-ir-kit\u0173-psichik\u0105-veikian\u010di\u0173-med\u017eiag\u0173-vartojimo-prevencijos-programa REKOMENDACIJOS &nbsp;&nbsp; Gyvenimo \u012fg\u016bd\u017ei\u0173 ugdymo programa&#8230;<\/p>\n","protected":false},"author":1,"featured_media":0,"parent":101,"menu_order":1,"comment_status":"closed","ping_status":"closed","template":"","meta":{"ngg_post_thumbnail":0,"footnotes":""},"class_list":["post-37","page","type-page","status-publish","hentry"],"_links":{"self":[{"href":"https:\/\/www.darzelis.senieji.trakai.lm.lt\/index.php?rest_route=\/wp\/v2\/pages\/37"}],"collection":[{"href":"https:\/\/www.darzelis.senieji.trakai.lm.lt\/index.php?rest_route=\/wp\/v2\/pages"}],"about":[{"href":"https:\/\/www.darzelis.senieji.trakai.lm.lt\/index.php?rest_route=\/wp\/v2\/types\/page"}],"author":[{"embeddable":true,"href":"https:\/\/www.darzelis.senieji.trakai.lm.lt\/index.php?rest_route=\/wp\/v2\/users\/1"}],"replies":[{"embeddable":true,"href":"https:\/\/www.darzelis.senieji.trakai.lm.lt\/index.php?rest_route=%2Fwp%2Fv2%2Fcomments&post=37"}],"version-history":[{"count":62,"href":"https:\/\/www.darzelis.senieji.trakai.lm.lt\/index.php?rest_route=\/wp\/v2\/pages\/37\/revisions"}],"predecessor-version":[{"id":8490,"href":"https:\/\/www.darzelis.senieji.trakai.lm.lt\/index.php?rest_route=\/wp\/v2\/pages\/37\/revisions\/8490"}],"up":[{"embeddable":true,"href":"https:\/\/www.darzelis.senieji.trakai.lm.lt\/index.php?rest_route=\/wp\/v2\/pages\/101"}],"wp:attachment":[{"href":"https:\/\/www.darzelis.senieji.trakai.lm.lt\/index.php?rest_route=%2Fwp%2Fv2%2Fmedia&parent=37"}],"curies":[{"name":"wp","href":"https:\/\/api.w.org\/{rel}","templated":true}]}}