{"id":348,"date":"2010-05-06T00:51:15","date_gmt":"2010-05-05T21:51:15","guid":{"rendered":"http:\/\/www2008.vu.lt\/?page_id=348"},"modified":"2025-06-13T10:44:19","modified_gmt":"2025-06-13T07:44:19","slug":"vaiku-pasiekimu-vertinimas","status":"publish","type":"page","link":"https:\/\/www.darzelis.senieji.trakai.lm.lt\/?page_id=348","title":{"rendered":"<!--:lt-->Vaik\u0173 pasiekim\u0173 vertinimas<!--:-->"},"content":{"rendered":"<p style=\"text-align: center;\"><a href=\"https:\/\/www.darzelis.senieji.trakai.lm.lt\/?attachment_id=8489\" rel=\"attachment wp-att-8489\">Vaik\u0173 pasiekim\u0173 ir pa\u017eangos vertinimo apra\u0161as, 2025<\/a><\/p>\n","protected":false},"excerpt":{"rendered":"<p>Vaik\u0173 pasiekim\u0173 ir pa\u017eangos vertinimo apra\u0161as, 2025<\/p>\n","protected":false},"author":1,"featured_media":0,"parent":101,"menu_order":3,"comment_status":"closed","ping_status":"closed","template":"","meta":{"ngg_post_thumbnail":0,"footnotes":""},"class_list":["post-348","page","type-page","status-publish","hentry"],"_links":{"self":[{"href":"https:\/\/www.darzelis.senieji.trakai.lm.lt\/index.php?rest_route=\/wp\/v2\/pages\/348"}],"collection":[{"href":"https:\/\/www.darzelis.senieji.trakai.lm.lt\/index.php?rest_route=\/wp\/v2\/pages"}],"about":[{"href":"https:\/\/www.darzelis.senieji.trakai.lm.lt\/index.php?rest_route=\/wp\/v2\/types\/page"}],"author":[{"embeddable":true,"href":"https:\/\/www.darzelis.senieji.trakai.lm.lt\/index.php?rest_route=\/wp\/v2\/users\/1"}],"replies":[{"embeddable":true,"href":"https:\/\/www.darzelis.senieji.trakai.lm.lt\/index.php?rest_route=%2Fwp%2Fv2%2Fcomments&post=348"}],"version-history":[{"count":23,"href":"https:\/\/www.darzelis.senieji.trakai.lm.lt\/index.php?rest_route=\/wp\/v2\/pages\/348\/revisions"}],"predecessor-version":[{"id":8491,"href":"https:\/\/www.darzelis.senieji.trakai.lm.lt\/index.php?rest_route=\/wp\/v2\/pages\/348\/revisions\/8491"}],"up":[{"embeddable":true,"href":"https:\/\/www.darzelis.senieji.trakai.lm.lt\/index.php?rest_route=\/wp\/v2\/pages\/101"}],"wp:attachment":[{"href":"https:\/\/www.darzelis.senieji.trakai.lm.lt\/index.php?rest_route=%2Fwp%2Fv2%2Fmedia&parent=348"}],"curies":[{"name":"wp","href":"https:\/\/api.w.org\/{rel}","templated":true}]}}