{"id":346,"date":"2010-05-06T00:48:50","date_gmt":"2010-05-05T21:48:50","guid":{"rendered":"http:\/\/www2008.vu.lt\/?page_id=346"},"modified":"2026-04-14T16:56:19","modified_gmt":"2026-04-14T13:56:19","slug":"kokybes-vadybos-sitemos-kurimas","status":"publish","type":"page","link":"https:\/\/www.darzelis.senieji.trakai.lm.lt\/?page_id=346","title":{"rendered":"<!--:lt-->Mokyklos veiklos kokyb\u0117s \u012fsivertinimas<!--:-->"},"content":{"rendered":"<p><a href=\"https:\/\/www.darzelis.senieji.trakai.lm.lt\/?attachment_id=8647\" rel=\"attachment wp-att-8647\">VEIKLOS KOKYB\u0116S \u012eSIVERTINIMO REZULTATAS&nbsp; 2025 M. (Mokytoj\u0173) <\/a><a href=\"https:\/\/www.darzelis.senieji.trakai.lm.lt\/?attachment_id=8648\" rel=\"attachment wp-att-8648\">VEIKLOS KOKYB\u0116S \u012eSIVERTINIMO REZULTATAS 2025 m. (T\u0117v\u0173)<\/a><\/p>\n<p><a href=\"https:\/\/www.darzelis.senieji.trakai.lm.lt\/?attachment_id=8338\" rel=\"attachment wp-att-8338\">Pagalba ugdytiniui. T\u0117v\u0173 apklausos analiz\u0117, 2024<\/a><\/p>\n<p><a href=\"https:\/\/www.darzelis.senieji.trakai.lm.lt\/?attachment_id=8339\" rel=\"attachment wp-att-8339\">Pagalba ugdytiniui. Pedagog\u0173 apklausos analiz\u0117, 2024<\/a><\/p>\n<p><a href=\"https:\/\/www.darzelis.senieji.trakai.lm.lt\/wp-content\/uploads\/2010\/05\/Apklausos-ataskaita-ugdymo-%c4%afstaigos-mikroklimatas-2023-05-29.pdf\" rel=\"attachment wp-att-7773\">Apklausos ataskaita, ugdymo \u012fstaigos mikroklimatas 2023-05-29<\/a><\/p>\n<p><a href=\"https:\/\/www.darzelis.senieji.trakai.lm.lt\/wp-content\/uploads\/2010\/07\/T\u0116V\u0172-APKLAUSOS-ATASKAITA-2023-1.docx\" rel=\"attachment wp-att-7596\">T\u0116V\u0172 APKLAUSOS ATASKAITA 2023 (1)<\/a><\/p>\n<p><a href=\"https:\/\/www.darzelis.senieji.trakai.lm.lt\/wp-content\/uploads\/2010\/07\/Pedagog\u0173-apklausos-ataskaita-2023-1-1.docx\" rel=\"attachment wp-att-7597\">PEDAGOG\u0172 APKLAUSOS ATASKAITA 2023 (1)<\/a><\/p>\n<p><a href=\"https:\/\/www.darzelis.senieji.trakai.lm.lt\/wp-content\/uploads\/2010\/05\/2022-m.-Mokyklos-\u012fsivertinimas.docx\" rel=\"attachment wp-att-7475\">Veiklos kokyb\u0117s \u012fsivertinimas, 2022 m.<\/a><\/p>\n<p><a href=\"https:\/\/www.darzelis.senieji.trakai.lm.lt\/wp-content\/uploads\/2010\/05\/Darzelio-veiklos-kokyb\u0117s-\u012fsivertinimas-PAGALBA-UGDYTINIUI.doc\">Veiklos kokyb\u0117s \u012fsivertinimas, 2021 m.<\/a><\/p>\n<p><a href=\"https:\/\/www.darzelis.senieji.trakai.lm.lt\/wp-content\/uploads\/2010\/05\/Veiklos-kokyb\u0117s-\u012fsivertinimas-2020-m..doc\" rel=\"attachment wp-att-7547\">Veiklos kokyb\u0117s \u012fsivertinimas, 2020 m.<\/a><\/p>\n<p><a href=\"https:\/\/www.darzelis.senieji.trakai.lm.lt\/wp-content\/uploads\/2010\/05\/darzelio-veiklos-kokybes-isivertinimo-tvarka.pdf\" rel=\"attachment wp-att-7000\">Mokyklos veiklos kokyb\u0117s \u012fsivertinimo tvarka<\/a><\/p>\n<p><a href=\"https:\/\/www.darzelis.senieji.trakai.lm.lt\/wp-content\/uploads\/2010\/05\/Pedagogines-veiklos-prieziuros-organizavimo-ir-vykdymo-tvarkos-aprasas.pdf\" rel=\"attachment wp-att-7046\">Pedagogin\u0117s veiklos prie\u017ei\u016bros organizavimo ir vykdymo tvarkos apra\u0161as<\/a><\/p>\n<p><a href=\"https:\/\/www.darzelis.senieji.trakai.lm.lt\/wp-content\/uploads\/2010\/05\/Metinio-darbuotoju-veiklos-vertinimo-tvarkos-aprasas-1.pdf\" rel=\"attachment wp-att-7047\">Metinio darbuotoj\u0173 veiklos vertinimo tvarkos apra\u0161as<\/a><\/p>\n<p>&nbsp;<\/p>\n<p>&nbsp;<\/p>\n<h4>&nbsp;<\/h4>\n<h4>&nbsp;<\/h4>\n<h4>&nbsp;<\/h4>\n<p><!--:--><!--:pl--><\/p>\n<h4 style=\"text-align: center;\">&nbsp;<\/h4>\n<p><!--:--><\/p>\n","protected":false},"excerpt":{"rendered":"<p>VEIKLOS KOKYB\u0116S \u012eSIVERTINIMO REZULTATAS&nbsp; 2025 M. (Mokytoj\u0173) VEIKLOS KOKYB\u0116S \u012eSIVERTINIMO REZULTATAS 2025 m. (T\u0117v\u0173) Pagalba ugdytiniui. T\u0117v\u0173 apklausos analiz\u0117, 2024&#8230;<\/p>\n","protected":false},"author":1,"featured_media":0,"parent":35,"menu_order":0,"comment_status":"open","ping_status":"open","template":"","meta":{"ngg_post_thumbnail":0,"footnotes":""},"class_list":["post-346","page","type-page","status-publish","hentry"],"_links":{"self":[{"href":"https:\/\/www.darzelis.senieji.trakai.lm.lt\/index.php?rest_route=\/wp\/v2\/pages\/346"}],"collection":[{"href":"https:\/\/www.darzelis.senieji.trakai.lm.lt\/index.php?rest_route=\/wp\/v2\/pages"}],"about":[{"href":"https:\/\/www.darzelis.senieji.trakai.lm.lt\/index.php?rest_route=\/wp\/v2\/types\/page"}],"author":[{"embeddable":true,"href":"https:\/\/www.darzelis.senieji.trakai.lm.lt\/index.php?rest_route=\/wp\/v2\/users\/1"}],"replies":[{"embeddable":true,"href":"https:\/\/www.darzelis.senieji.trakai.lm.lt\/index.php?rest_route=%2Fwp%2Fv2%2Fcomments&post=346"}],"version-history":[{"count":54,"href":"https:\/\/www.darzelis.senieji.trakai.lm.lt\/index.php?rest_route=\/wp\/v2\/pages\/346\/revisions"}],"predecessor-version":[{"id":8649,"href":"https:\/\/www.darzelis.senieji.trakai.lm.lt\/index.php?rest_route=\/wp\/v2\/pages\/346\/revisions\/8649"}],"up":[{"embeddable":true,"href":"https:\/\/www.darzelis.senieji.trakai.lm.lt\/index.php?rest_route=\/wp\/v2\/pages\/35"}],"wp:attachment":[{"href":"https:\/\/www.darzelis.senieji.trakai.lm.lt\/index.php?rest_route=%2Fwp%2Fv2%2Fmedia&parent=346"}],"curies":[{"name":"wp","href":"https:\/\/api.w.org\/{rel}","templated":true}]}}