{"id":3292,"date":"2012-11-30T21:24:23","date_gmt":"2012-11-30T19:24:23","guid":{"rendered":"http:\/\/www.darzelis.senieji.trakai.lm.lt\/?page_id=3292"},"modified":"2024-11-11T14:58:31","modified_gmt":"2024-11-11T12:58:31","slug":"psichologo-konsultacijos","status":"publish","type":"page","link":"https:\/\/www.darzelis.senieji.trakai.lm.lt\/?page_id=3292","title":{"rendered":"<!--:pl-->Psichologo konsultacijos<!--:-->"},"content":{"rendered":"<p>&nbsp;<\/p>\n<p style=\"text-align: justify;\">KADA GALI PAD\u0116TI PSICHOLOGAS?<\/p>\n<p style=\"text-align: justify;\">\u2022 Bendravimo, elgesio problemos (vaikas yra labai vieni\u0161as, u\u017edaras, nenori ir nem\u0117gsta bendrauti, patiria bendraam\u017ei\u0173 paty\u010dias, nepasitiki savimi, daug konfliktuoja, agresyviai elgiasi, meluoja, sunkiai sukaupia d\u0117mes\u012f).<\/p>\n<p style=\"text-align: justify;\">\u2022 Adaptacijos sunkumai (sunki adaptacija dar\u017eelyje, mokykloje, neprisitaikymas kituose vaik\u0173 kolektyvuose, nenoras b\u016bti su bendraam\u017eiais).<\/p>\n<p style=\"text-align: justify;\">\u2022 Emocin\u0117s problemos (vaikas patiria \u012fvairias baimes, nerim\u0105, nesuvaldo impuls\u0173, yra labai jautrus, verksmingas, nuolat atrodo li\u016bdnas ar abejingas, sunkiai i\u0161siskiria su t\u0117vais).<\/p>\n<p style=\"text-align: justify;\">\u2022 \u012evair\u016bs negalavimai, kai nerandama medicinin\u0117s prie\u017easties (galvos, pilvo skausmai, \u0161lapinimasis \u012f lov\u0105, sutrik\u0119s miegas, apetito praradimas arba pernelyg didelis maisto poreikis, nerviniai tikai, mik\u010diojimas).<\/p>\n<p style=\"text-align: justify;\">\u2022 Kriz\u0117s, traumos (artimo \u017emogaus mirtis, t\u0117v\u0173 skyrybos, ligos, brolio, sesers gimimas, persikraustymas gyventi kitur, dar\u017eelio ar mokyklos pasikeitimas, naminio gyv\u016bno praradimas, autoavarija, gaisras, patirta prievarta).<\/p>\n<p>&nbsp;<\/p>\n<p>&nbsp;<\/p>\n<p>&nbsp;<\/p>\n<p><!--:--><\/p>\n","protected":false},"excerpt":{"rendered":"<p>&nbsp; KADA GALI PAD\u0116TI PSICHOLOGAS? \u2022 Bendravimo, elgesio problemos (vaikas yra labai vieni\u0161as, u\u017edaras, nenori ir nem\u0117gsta bendrauti, patiria bendraam\u017ei\u0173&#8230;<\/p>\n","protected":false},"author":1,"featured_media":0,"parent":41,"menu_order":4,"comment_status":"closed","ping_status":"closed","template":"","meta":{"ngg_post_thumbnail":0,"footnotes":""},"class_list":["post-3292","page","type-page","status-publish","hentry"],"_links":{"self":[{"href":"https:\/\/www.darzelis.senieji.trakai.lm.lt\/index.php?rest_route=\/wp\/v2\/pages\/3292"}],"collection":[{"href":"https:\/\/www.darzelis.senieji.trakai.lm.lt\/index.php?rest_route=\/wp\/v2\/pages"}],"about":[{"href":"https:\/\/www.darzelis.senieji.trakai.lm.lt\/index.php?rest_route=\/wp\/v2\/types\/page"}],"author":[{"embeddable":true,"href":"https:\/\/www.darzelis.senieji.trakai.lm.lt\/index.php?rest_route=\/wp\/v2\/users\/1"}],"replies":[{"embeddable":true,"href":"https:\/\/www.darzelis.senieji.trakai.lm.lt\/index.php?rest_route=%2Fwp%2Fv2%2Fcomments&post=3292"}],"version-history":[{"count":22,"href":"https:\/\/www.darzelis.senieji.trakai.lm.lt\/index.php?rest_route=\/wp\/v2\/pages\/3292\/revisions"}],"predecessor-version":[{"id":8315,"href":"https:\/\/www.darzelis.senieji.trakai.lm.lt\/index.php?rest_route=\/wp\/v2\/pages\/3292\/revisions\/8315"}],"up":[{"embeddable":true,"href":"https:\/\/www.darzelis.senieji.trakai.lm.lt\/index.php?rest_route=\/wp\/v2\/pages\/41"}],"wp:attachment":[{"href":"https:\/\/www.darzelis.senieji.trakai.lm.lt\/index.php?rest_route=%2Fwp%2Fv2%2Fmedia&parent=3292"}],"curies":[{"name":"wp","href":"https:\/\/api.w.org\/{rel}","templated":true}]}}