{"id":2,"date":"2010-03-23T10:33:14","date_gmt":"2010-03-23T08:33:14","guid":{"rendered":"http:\/\/www2008.vu.lt\/?page_id=2"},"modified":"2025-04-07T12:35:26","modified_gmt":"2025-04-07T09:35:26","slug":"apie","status":"publish","type":"page","link":"https:\/\/www.darzelis.senieji.trakai.lm.lt\/?page_id=2","title":{"rendered":"<!--:lt-->Apie mus<!--:-->"},"content":{"rendered":"<p><a href=\"https:\/\/www.darzelis.senieji.trakai.lm.lt\/?attachment_id=8446\" rel=\"attachment wp-att-8446\"><img loading=\"lazy\" decoding=\"async\" class=\"aligncenter size-large wp-image-8446\" src=\"http:\/\/www.darzelis.senieji.trakai.lm.lt\/wp-content\/uploads\/2025\/04\/BDT-nario-zenkliukas-1024x717.png\" alt=\"\" width=\"670\" height=\"469\" srcset=\"https:\/\/www.darzelis.senieji.trakai.lm.lt\/wp-content\/uploads\/2025\/04\/BDT-nario-zenkliukas-1024x717.png 1024w, https:\/\/www.darzelis.senieji.trakai.lm.lt\/wp-content\/uploads\/2025\/04\/BDT-nario-zenkliukas-300x210.png 300w, https:\/\/www.darzelis.senieji.trakai.lm.lt\/wp-content\/uploads\/2025\/04\/BDT-nario-zenkliukas-768x538.png 768w, https:\/\/www.darzelis.senieji.trakai.lm.lt\/wp-content\/uploads\/2025\/04\/BDT-nario-zenkliukas-1536x1075.png 1536w, https:\/\/www.darzelis.senieji.trakai.lm.lt\/wp-content\/uploads\/2025\/04\/BDT-nario-zenkliukas.png 2000w\" sizes=\"(max-width: 670px) 100vw, 670px\" \/><\/a><\/p>\n<p>&nbsp; &nbsp; &nbsp; &nbsp; Ma\u017ea mokykla, \u012fsik\u016brusi istorin\u0117je vietov\u0117je &#8211; Trak\u0173 Vytauto Did\u017eioje gimtin\u0117je. Daugiakult\u016bri\u0161kumas yra vienas i\u0161 \u012fstaigos bruo\u017e\u0173. Nuo 2023 m. mokykla pripa\u017einta Sveikat\u0105 stiprinan\u010dia mokykla. Nuo 2019 m. mokykla ugdymo(si) veikloje prad\u0117jo naudotis \u201eM\u0105stymo mokyklos metodikos\u201c id\u0117jomis. Sukurta savita vidaus ir lauko edukacin\u0117 aplinka, skatinanti vaik\u0173 gali\u0173 pl\u0117tot\u0119.<\/p>\n<p>&nbsp;<\/p>\n<p>https:\/\/www.facebook.com\/Sen\u0173j\u0173-Trak\u0173-vaik\u0173-lop\u0161elis-dar\u017eelis<\/p>\n","protected":false},"excerpt":{"rendered":"<p>&nbsp; &nbsp; &nbsp; &nbsp; Ma\u017ea mokykla, \u012fsik\u016brusi istorin\u0117je vietov\u0117je &#8211; Trak\u0173 Vytauto Did\u017eioje gimtin\u0117je. Daugiakult\u016bri\u0161kumas yra vienas i\u0161 \u012fstaigos bruo\u017e\u0173&#8230;.<\/p>\n","protected":false},"author":1,"featured_media":0,"parent":3605,"menu_order":1,"comment_status":"closed","ping_status":"closed","template":"","meta":{"ngg_post_thumbnail":0,"footnotes":""},"class_list":["post-2","page","type-page","status-publish","hentry"],"_links":{"self":[{"href":"https:\/\/www.darzelis.senieji.trakai.lm.lt\/index.php?rest_route=\/wp\/v2\/pages\/2"}],"collection":[{"href":"https:\/\/www.darzelis.senieji.trakai.lm.lt\/index.php?rest_route=\/wp\/v2\/pages"}],"about":[{"href":"https:\/\/www.darzelis.senieji.trakai.lm.lt\/index.php?rest_route=\/wp\/v2\/types\/page"}],"author":[{"embeddable":true,"href":"https:\/\/www.darzelis.senieji.trakai.lm.lt\/index.php?rest_route=\/wp\/v2\/users\/1"}],"replies":[{"embeddable":true,"href":"https:\/\/www.darzelis.senieji.trakai.lm.lt\/index.php?rest_route=%2Fwp%2Fv2%2Fcomments&post=2"}],"version-history":[{"count":24,"href":"https:\/\/www.darzelis.senieji.trakai.lm.lt\/index.php?rest_route=\/wp\/v2\/pages\/2\/revisions"}],"predecessor-version":[{"id":8447,"href":"https:\/\/www.darzelis.senieji.trakai.lm.lt\/index.php?rest_route=\/wp\/v2\/pages\/2\/revisions\/8447"}],"up":[{"embeddable":true,"href":"https:\/\/www.darzelis.senieji.trakai.lm.lt\/index.php?rest_route=\/wp\/v2\/pages\/3605"}],"wp:attachment":[{"href":"https:\/\/www.darzelis.senieji.trakai.lm.lt\/index.php?rest_route=%2Fwp%2Fv2%2Fmedia&parent=2"}],"curies":[{"name":"wp","href":"https:\/\/api.w.org\/{rel}","templated":true}]}}