{"id":193,"date":"2010-04-15T14:58:36","date_gmt":"2010-04-15T11:58:36","guid":{"rendered":"http:\/\/www2008.vu.lt\/?page_id=193"},"modified":"2024-06-06T12:53:30","modified_gmt":"2024-06-06T09:53:30","slug":"metodine-grupe","status":"publish","type":"page","link":"https:\/\/www.darzelis.senieji.trakai.lm.lt\/?page_id=193","title":{"rendered":"<!--:lt-->Metodin\u0117 grup\u0117<!--:-->"},"content":{"rendered":"<p><!--:lt--><strong>Mokyklos metodin\u0117s grup\u0117s sudarymo principai, kompetencija, veiklos organizavimas:<\/strong><\/p>\n<ul>\n<li>metodin\u0119 grup\u0119 sudaro visi Mokykloje dirbantys pedagogai. Metodinei grupei vadovauja grup\u0117s nari\u0173 i\u0161rinktas pirmininkas, kuris organizuoja susirinkimus pagal mokslo met\u0173 veiklos plan\u0105 ir apie susirinkimo laik\u0105, svarstyti parengtus klausimus narius informuoja ne v\u0117liau kaip prie\u0161 3 darbo dienas iki susirinkimo prad\u017eios. Pirmininkas renkamas dvejiems mokslo metams pirmame mokslo met\u0173 metodin\u0117s grup\u0117s susirinkime;<\/li>\n<li>metodin\u0117 grup\u0117 nustato mokytoj\u0173 metodin\u0117s veiklos prioritetus, kvalifikacijos tobulinimo poreikius, inicijuoja pedagogini\u0173 inovacij\u0173 diegim\u0105 Mokykloje, aptaria naujus dokumentus, metodikos naujoves, analizuoja kvalifikacijos tobulinimo rengini\u0173 kokyb\u0119, inicijuoja mokytoj\u0173 bendradarbiavim\u0105, gerosios pedagogin\u0117s patirties sklaid\u0105, nagrin\u0117ja ir planuoja ugdymo turin\u012f, ugdymo proceso apr\u016bpinim\u0105, ugdymo kokyb\u0119, vertina mokytoj\u0173 metodinius darbus ir praktin\u0119 veikl\u0105, teikia si\u016blymus d\u0117l ugdymo turinio formavimo ir jo \u012fgyvendinimo organizavimo gerinimo, nagrin\u0117ja ugdymo s\u0117kmingum\u0105, vaik\u0173 pasiekimus, pedagogines problemas, dalijasi ger\u0105ja patirtimi ir kt.<\/li>\n<\/ul>\n<p align=\"left\"><strong>Pirminink\u0117<\/strong> &#8211;\u00a0ikimokyklinio ugdymo mokytoja Lina \u0160epkauskien\u0117;<\/p>\n<p align=\"left\"><strong>Sekretor\u0117<\/strong> \u2013\u00a0ikimokyklinio ugdymo mokytoja Jolanta Kunskien\u0117;<\/p>\n<p align=\"left\"><strong>\u00a0<\/strong><\/p>\n<p><!--:--><!--:pl--><\/p>\n<p>&nbsp;<\/p>\n<p><!--:--><\/p>\n","protected":false},"excerpt":{"rendered":"<p>Mokyklos metodin\u0117s grup\u0117s sudarymo principai, kompetencija, veiklos organizavimas: metodin\u0119 grup\u0119 sudaro visi Mokykloje dirbantys pedagogai. Metodinei grupei vadovauja grup\u0117s nari\u0173&#8230;<\/p>\n","protected":false},"author":1,"featured_media":0,"parent":96,"menu_order":3,"comment_status":"closed","ping_status":"closed","template":"","meta":{"ngg_post_thumbnail":0,"footnotes":""},"class_list":["post-193","page","type-page","status-publish","hentry"],"_links":{"self":[{"href":"https:\/\/www.darzelis.senieji.trakai.lm.lt\/index.php?rest_route=\/wp\/v2\/pages\/193"}],"collection":[{"href":"https:\/\/www.darzelis.senieji.trakai.lm.lt\/index.php?rest_route=\/wp\/v2\/pages"}],"about":[{"href":"https:\/\/www.darzelis.senieji.trakai.lm.lt\/index.php?rest_route=\/wp\/v2\/types\/page"}],"author":[{"embeddable":true,"href":"https:\/\/www.darzelis.senieji.trakai.lm.lt\/index.php?rest_route=\/wp\/v2\/users\/1"}],"replies":[{"embeddable":true,"href":"https:\/\/www.darzelis.senieji.trakai.lm.lt\/index.php?rest_route=%2Fwp%2Fv2%2Fcomments&post=193"}],"version-history":[{"count":250,"href":"https:\/\/www.darzelis.senieji.trakai.lm.lt\/index.php?rest_route=\/wp\/v2\/pages\/193\/revisions"}],"predecessor-version":[{"id":651,"href":"https:\/\/www.darzelis.senieji.trakai.lm.lt\/index.php?rest_route=\/wp\/v2\/pages\/193\/revisions\/651"}],"up":[{"embeddable":true,"href":"https:\/\/www.darzelis.senieji.trakai.lm.lt\/index.php?rest_route=\/wp\/v2\/pages\/96"}],"wp:attachment":[{"href":"https:\/\/www.darzelis.senieji.trakai.lm.lt\/index.php?rest_route=%2Fwp%2Fv2%2Fmedia&parent=193"}],"curies":[{"name":"wp","href":"https:\/\/api.w.org\/{rel}","templated":true}]}}