{"id":189,"date":"2010-04-15T14:56:31","date_gmt":"2010-04-15T11:56:31","guid":{"rendered":"http:\/\/www2008.vu.lt\/?page_id=189"},"modified":"2025-09-09T08:12:52","modified_gmt":"2025-09-09T05:12:52","slug":"lopselio-darzelio-taryba","status":"publish","type":"page","link":"https:\/\/www.darzelis.senieji.trakai.lm.lt\/?page_id=189","title":{"rendered":"<!--:lt-->Mokyklos taryba<!--:-->"},"content":{"rendered":"<p>&nbsp;<\/p>\n<p><!--:lt--><\/p>\n<p align=\"left\"><strong>Mokyklos taryba<\/strong> \u2013 auk\u0161\u010diausioji&nbsp;Mokyklos savivaldos institucija.<\/p>\n<p align=\"justify\"><strong>Tarybos pirminink\u0117<\/strong> \u2013&nbsp;<\/p>\n<p align=\"justify\"><strong>Sekretor\u0117<\/strong> &#8211; Svetlana \u0160atevi\u010dien\u0117, direktoriaus pavaduotoja ugdymui.<\/p>\n<p align=\"justify\"><strong>Nariai:<\/strong> Olia Okunevi\u010d (ikimokyklinio ugdymo mokytoja), Marija \u0160akalien\u0117 (ikimokyklinio ugdymo mokytoja),&nbsp; Eva Katkevi\u010dien\u0117 (t\u0117v\u0173 atstov\u0117),&nbsp; Erika Pu\u010d (t\u0117v\u0173 atstov\u0117), Ana Ingelevi\u010d (Sen\u0173j\u0173 Trak\u0173 seni\u016bnijos seni\u016bn\u0117).<strong><em>&nbsp;<\/em><\/strong><\/p>\n<p><strong>Tarybos veiklos sritys:<\/strong><\/p>\n<ul>\n<li>teikti si\u016blymus d\u0117l Mokyklos strategini\u0173 tiksl\u0173, u\u017edavini\u0173 ir j\u0173 \u012fgyvendinimo priemoni\u0173;<\/li>\n<\/ul>\n<ul>\n<li>pritarti Mokyklos strateginiam planui, \u012fstaigos metiniam veiklos planui, Mokyklos vidaus darbo tvarkos taisykles, kitiems Mokyklos veikl\u0105 reglamentuojantiems dokumentams, teikiamiems Mokyklos direktoriaus;<\/li>\n<li>teikti si\u016blymus mokyklos direktoriui d\u0117l Mokyklos nuostat\u0173 pakeitimo ar papildymo, \u012fstaigos vidaus strukt\u016bros tobulinimo;<\/li>\n<li>svarstyti Mokyklos l\u0117\u0161\u0173 naudojimo klausimus;<\/li>\n<li>i\u0161klausyti Mokyklos direktoriaus metin\u0119 veiklos ataskait\u0105 ir teikti si\u016blymus Mokyklos direktoriui d\u0117l \u012fstaigos veiklos tobulinimo;<\/li>\n<li>teikti si\u016blymus Mokyklos savininko teises ir pareigas \u012fgyvendinan\u010diai institucijai d\u0117l \u012fstaigos materialinio apr\u016bpinimo, veiklos tobulinimo;<\/li>\n<li>svarstyti Mokyklos mokytoj\u0173 tarybos, t\u0117v\u0173 (glob\u0117j\u0173, r\u016bpintoj\u0173) ir \u012fstaigos bendruomen\u0117s nari\u0173 iniciatyvas ir teikti si\u016blymus Mokyklos direktoriui;<\/li>\n<li>teikti si\u016blymus d\u0117l Mokyklos darbo tobulinimo, saugi\u0173 vaik\u0173 ugdymosi ir darbo s\u0105lyg\u0173 sudarymo, talkinti formuojant Mokyklos materialinius, finansinius i\u0161teklius;<\/li>\n<li>priima nutarimus kitais, teis\u0117s akt\u0173 nustatytais ar Mokyklos direktoriaus teikiamais klausimais;<\/li>\n<li>skiria atstovus \u012f mokytoj\u0173 atestacijos komisij\u0105.<\/li>\n<\/ul>\n<p><!--:--><!--:pl--><\/p>\n<p><!--:--><\/p>\n","protected":false},"excerpt":{"rendered":"<p>&nbsp; Mokyklos taryba \u2013 auk\u0161\u010diausioji&nbsp;Mokyklos savivaldos institucija. Tarybos pirminink\u0117 \u2013&nbsp; Sekretor\u0117 &#8211; Svetlana \u0160atevi\u010dien\u0117, direktoriaus pavaduotoja ugdymui. Nariai: Olia Okunevi\u010d&#8230;<\/p>\n","protected":false},"author":1,"featured_media":0,"parent":96,"menu_order":1,"comment_status":"open","ping_status":"open","template":"","meta":{"ngg_post_thumbnail":0,"footnotes":""},"class_list":["post-189","page","type-page","status-publish","hentry"],"_links":{"self":[{"href":"https:\/\/www.darzelis.senieji.trakai.lm.lt\/index.php?rest_route=\/wp\/v2\/pages\/189"}],"collection":[{"href":"https:\/\/www.darzelis.senieji.trakai.lm.lt\/index.php?rest_route=\/wp\/v2\/pages"}],"about":[{"href":"https:\/\/www.darzelis.senieji.trakai.lm.lt\/index.php?rest_route=\/wp\/v2\/types\/page"}],"author":[{"embeddable":true,"href":"https:\/\/www.darzelis.senieji.trakai.lm.lt\/index.php?rest_route=\/wp\/v2\/users\/1"}],"replies":[{"embeddable":true,"href":"https:\/\/www.darzelis.senieji.trakai.lm.lt\/index.php?rest_route=%2Fwp%2Fv2%2Fcomments&post=189"}],"version-history":[{"count":32,"href":"https:\/\/www.darzelis.senieji.trakai.lm.lt\/index.php?rest_route=\/wp\/v2\/pages\/189\/revisions"}],"predecessor-version":[{"id":8512,"href":"https:\/\/www.darzelis.senieji.trakai.lm.lt\/index.php?rest_route=\/wp\/v2\/pages\/189\/revisions\/8512"}],"up":[{"embeddable":true,"href":"https:\/\/www.darzelis.senieji.trakai.lm.lt\/index.php?rest_route=\/wp\/v2\/pages\/96"}],"wp:attachment":[{"href":"https:\/\/www.darzelis.senieji.trakai.lm.lt\/index.php?rest_route=%2Fwp%2Fv2%2Fmedia&parent=189"}],"curies":[{"name":"wp","href":"https:\/\/api.w.org\/{rel}","templated":true}]}}