{"id":1467,"date":"2011-02-23T21:14:58","date_gmt":"2011-02-23T19:14:58","guid":{"rendered":"http:\/\/www2008.vu.lt\/?page_id=1467"},"modified":"2025-08-25T15:06:06","modified_gmt":"2025-08-25T12:06:06","slug":"prasymu-formos","status":"publish","type":"page","link":"https:\/\/www.darzelis.senieji.trakai.lm.lt\/?page_id=1467","title":{"rendered":"<!--:lt-->Pra\u0161ym\u0173 formos<!--:-->"},"content":{"rendered":"<p><a href=\"https:\/\/www.darzelis.senieji.trakai.lm.lt\/wp-content\/uploads\/2010\/07\/Pra\u0161ymas-d\u0117l-vaiko-dienos-poilsio-miego-organizavimo.doc\" rel=\"attachment wp-att-7692\">Pra\u0161ymas d\u0117l vaiko dienos poilsio (miego) organizavimo<\/a><\/p>\n<p><a href=\"https:\/\/www.darzelis.senieji.trakai.lm.lt\/wp-content\/uploads\/2011\/02\/prasymas-i\u0161braukti-is-darzelio.docx\" rel=\"attachment wp-att-7067\">Pra\u0161ymas i\u0161braukti i\u0161 dar\u017eelio<\/a><\/p>\n<p><a href=\"https:\/\/www.darzelis.senieji.trakai.lm.lt\/wp-content\/uploads\/2011\/02\/Pra\u0161ymas-d\u0117l-atsisakymo-valgyti-pusry\u010dius-piet\u016bs-pavakarius.doc\" rel=\"attachment wp-att-7322\">Pra\u0161ymas d\u0117l atsisakymo valgyti pusry\u010dius\/ piet\u016bs\/ pavakarius<\/a><\/p>\n<p><a href=\"https:\/\/www.darzelis.senieji.trakai.lm.lt\/wp-content\/uploads\/2011\/02\/Pra\u0161ymas-d\u0117l-mokes\u010dio-10-eur-netaikymo.doc\" rel=\"attachment wp-att-7323\">Pra\u0161ymas d\u0117l mokes\u010dio (15 eur) netaikymo<\/a><\/p>\n<p><a href=\"https:\/\/www.darzelis.senieji.trakai.lm.lt\/wp-content\/uploads\/2011\/02\/Pra\u0161ymas-d\u0117l-moke\u0161\u010dio-netaikymo-d\u0117l-ligos-1.doc\" rel=\"attachment wp-att-7324\">Pra\u0161ymas d\u0117l moke\u0161\u010dio netaikymo d\u0117l ligos (1)<\/a><\/p>\n<p><a href=\"https:\/\/www.darzelis.senieji.trakai.lm.lt\/wp-content\/uploads\/2011\/02\/Pra\u0161ymas-d\u0117l-t\u0117v\u0173-glob\u0117j\u0173-kasmetini\u0173-atostog\u0173.doc\" rel=\"attachment wp-att-7325\">Pra\u0161ymas d\u0117l t\u0117v\u0173 (glob\u0117j\u0173) kasmetini\u0173 atostog\u0173<\/a><\/p>\n<p><span style=\"color: #0000ff;\"><a href=\"https:\/\/www.darzelis.senieji.trakai.lm.lt\/wp-content\/uploads\/2011\/02\/D\u0117l-vaiko-atvedimo-\u012f-darzel\u012f-2.docx\" rel=\"attachment wp-att-7072\">Pra\u0161ymas d\u0117l vaiko atvedimo ir pa\u0117mimo i\u0161 lop\u0161elio &#8211; dar\u017eelio<\/a><\/span><\/p>\n<p><a href=\"https:\/\/www.darzelis.senieji.trakai.lm.lt\/wp-content\/uploads\/2011\/02\/Prasymas-del-pazymos-isdavimo-1.docx\" rel=\"attachment wp-att-7075\">Pra\u0161ymas d\u0117l pa\u017eymos i\u0161davimo <\/a><\/p>\n<p><span style=\"color: #0000ff;\"><a href=\"https:\/\/www.darzelis.senieji.trakai.lm.lt\/wp-content\/uploads\/2011\/02\/Prasymas-del-LENGVATU-TAIKYMO.docx\" rel=\"attachment wp-att-7077\">Pra\u0161ymas d\u0117l lengvat\u0173 taikymo <\/a><\/span><\/p>\n<p>&nbsp;<\/p>\n<p><!--:--><\/p>\n","protected":false},"excerpt":{"rendered":"<p>Pra\u0161ymas d\u0117l vaiko dienos poilsio (miego) organizavimo Pra\u0161ymas i\u0161braukti i\u0161 dar\u017eelio Pra\u0161ymas d\u0117l atsisakymo valgyti pusry\u010dius\/ piet\u016bs\/ pavakarius Pra\u0161ymas d\u0117l&#8230;<\/p>\n","protected":false},"author":1,"featured_media":0,"parent":41,"menu_order":6,"comment_status":"closed","ping_status":"closed","template":"","meta":{"ngg_post_thumbnail":0,"footnotes":""},"class_list":["post-1467","page","type-page","status-publish","hentry"],"_links":{"self":[{"href":"https:\/\/www.darzelis.senieji.trakai.lm.lt\/index.php?rest_route=\/wp\/v2\/pages\/1467"}],"collection":[{"href":"https:\/\/www.darzelis.senieji.trakai.lm.lt\/index.php?rest_route=\/wp\/v2\/pages"}],"about":[{"href":"https:\/\/www.darzelis.senieji.trakai.lm.lt\/index.php?rest_route=\/wp\/v2\/types\/page"}],"author":[{"embeddable":true,"href":"https:\/\/www.darzelis.senieji.trakai.lm.lt\/index.php?rest_route=\/wp\/v2\/users\/1"}],"replies":[{"embeddable":true,"href":"https:\/\/www.darzelis.senieji.trakai.lm.lt\/index.php?rest_route=%2Fwp%2Fv2%2Fcomments&post=1467"}],"version-history":[{"count":39,"href":"https:\/\/www.darzelis.senieji.trakai.lm.lt\/index.php?rest_route=\/wp\/v2\/pages\/1467\/revisions"}],"predecessor-version":[{"id":8504,"href":"https:\/\/www.darzelis.senieji.trakai.lm.lt\/index.php?rest_route=\/wp\/v2\/pages\/1467\/revisions\/8504"}],"up":[{"embeddable":true,"href":"https:\/\/www.darzelis.senieji.trakai.lm.lt\/index.php?rest_route=\/wp\/v2\/pages\/41"}],"wp:attachment":[{"href":"https:\/\/www.darzelis.senieji.trakai.lm.lt\/index.php?rest_route=%2Fwp%2Fv2%2Fmedia&parent=1467"}],"curies":[{"name":"wp","href":"https:\/\/api.w.org\/{rel}","templated":true}]}}