{"id":110,"date":"2010-03-29T12:56:56","date_gmt":"2010-03-29T09:56:56","guid":{"rendered":"http:\/\/www2008.vu.lt\/?page_id=110"},"modified":"2025-09-09T10:39:11","modified_gmt":"2025-09-09T07:39:11","slug":"vaiku-mityba","status":"publish","type":"page","link":"https:\/\/www.darzelis.senieji.trakai.lm.lt\/?page_id=110","title":{"rendered":"<!--:lt-->Maitinimo organizavimas<!--:-->"},"content":{"rendered":"<p><!--:lt--><span style=\"font-size: 12pt; line-height: 200%; font-family: 'times new roman','serif';\"><span style=\"font-size: 12pt; line-height: 200%; font-family: 'times new roman','serif';\"><span lang=\"PT-BR\" style=\"color: #222222; mso-ansi-language: pt-br;\">Maistas gaminamas lop\u0161elio &#8211; dar\u017eelio virtuv\u0117je.<\/span><\/span><\/span><\/p>\n<p style=\"text-align: center;\"><a href=\"https:\/\/www.darzelis.senieji.trakai.lm.lt\/wp-content\/uploads\/2010\/03\/15-dien%c5%b3-valgiara%c5%a1tis.pdf\" rel=\"attachment wp-att-7648\">15 dien\u0173 valgiara\u0161tis<\/a><\/p>\n<p style=\"margin: 0cm 0cm 0pt; text-align: left;\"><span style=\"font-size: 12pt; line-height: 200%; font-family: 'times new roman','serif';\"><span style=\"font-size: 12pt; line-height: 200%; font-family: 'times new roman','serif';\"><span lang=\"PT-BR\" style=\"color: #222222; mso-ansi-language: pt-br;\"> T\u0117vai turi galimyb\u0119 pasirinkti kelis kartus per dien\u0105 vaikas bus maitinamas, atitinkamai derinant maitinim\u0173 skai\u010di\u0173 su vaiko buvimo \u012fstaigoje laiku. <\/span><\/span><\/span><\/p>\n<p style=\"margin: 0cm 0cm 0pt; text-align: left;\">Nuo 2012 m. lop\u0161elis-dar\u017eelis&nbsp; dalyvauja ES programose <strong>\u201eVaisi\u0173 vartojimo skatinimas \u0161vietimo \u012fstaigose\u201c<\/strong> ir <strong>\u201e Pienas vaikams\u201c<\/strong> .<\/p>\n<p style=\"margin: 0cm 0cm 0pt; text-align: left;\">\u0160i\u0173 program\u0173 tikslas yra pagerinti vaik\u0173 mityb\u0105, u\u017etikrinti, kad m\u016bs\u0173 vaikai &nbsp;gaut\u0173 pieno ir jo produkt\u0173, vaisi\u0173 ir dar\u017eovi\u0173, kuriose slypi visi svarbiausi vaikui reikalingi vitaminai ir mineralai.<\/p>\n<p>Gerb. t\u0117veliai, pra\u0161ome pakalb\u0117ti su vaikais apie pieno, dar\u017eovi\u0173 ir vaisi\u0173 naud\u0105 vaiko organizmui. Jei J\u016bs\u0173 vaikas alergi\u0161kas kuriam nors pieno produktui ar vaisiui, pra\u0161ome informuoti grup\u0117s aukl\u0117toj\u0105.<\/p>\n<p>&nbsp;<\/p>\n<p style=\"text-align: left;\">Valstybin\u0117s maisto ir veterinarijos tarnybos nemokamos telefono linijos numeris: 0<strong>&nbsp;800 40403<\/strong><\/p>\n<p style=\"text-align: left;\"><em>(skambinti maitinimo organizavimo klausimais)<\/em><\/p>\n<p style=\"text-align: left;\">Naudinga informacija:&nbsp;&nbsp;&nbsp;&nbsp;&nbsp;<a href=\"http:\/\/www.vmvt.lt\">http:\/\/www.vmvt.lt<\/a><\/p>\n<div class=\"TbwUpd\">&nbsp;<\/div>\n<p><!--:--><!--:pl--><\/p>\n<p class=\"MsoNormal\" style=\"margin: 0cm 0cm 0pt; text-align: left;\"><span style=\"font-size: 12pt; line-height: 200%; font-family: 'times new roman','serif';\"><span style=\"font-size: 12pt; line-height: 200%; font-family: 'times new roman','serif';\"><span style=\"color: #222222;\">&nbsp;&nbsp; <\/span><\/span><\/span><\/p>\n<p><!--:--><\/p>\n","protected":false},"excerpt":{"rendered":"<p>Maistas gaminamas lop\u0161elio &#8211; dar\u017eelio virtuv\u0117je. 15 dien\u0173 valgiara\u0161tis T\u0117vai turi galimyb\u0119 pasirinkti kelis kartus per dien\u0105 vaikas bus maitinamas,&#8230;<\/p>\n","protected":false},"author":1,"featured_media":0,"parent":1724,"menu_order":1,"comment_status":"closed","ping_status":"closed","template":"","meta":{"ngg_post_thumbnail":0,"footnotes":""},"class_list":["post-110","page","type-page","status-publish","hentry"],"_links":{"self":[{"href":"https:\/\/www.darzelis.senieji.trakai.lm.lt\/index.php?rest_route=\/wp\/v2\/pages\/110"}],"collection":[{"href":"https:\/\/www.darzelis.senieji.trakai.lm.lt\/index.php?rest_route=\/wp\/v2\/pages"}],"about":[{"href":"https:\/\/www.darzelis.senieji.trakai.lm.lt\/index.php?rest_route=\/wp\/v2\/types\/page"}],"author":[{"embeddable":true,"href":"https:\/\/www.darzelis.senieji.trakai.lm.lt\/index.php?rest_route=\/wp\/v2\/users\/1"}],"replies":[{"embeddable":true,"href":"https:\/\/www.darzelis.senieji.trakai.lm.lt\/index.php?rest_route=%2Fwp%2Fv2%2Fcomments&post=110"}],"version-history":[{"count":60,"href":"https:\/\/www.darzelis.senieji.trakai.lm.lt\/index.php?rest_route=\/wp\/v2\/pages\/110\/revisions"}],"predecessor-version":[{"id":8519,"href":"https:\/\/www.darzelis.senieji.trakai.lm.lt\/index.php?rest_route=\/wp\/v2\/pages\/110\/revisions\/8519"}],"up":[{"embeddable":true,"href":"https:\/\/www.darzelis.senieji.trakai.lm.lt\/index.php?rest_route=\/wp\/v2\/pages\/1724"}],"wp:attachment":[{"href":"https:\/\/www.darzelis.senieji.trakai.lm.lt\/index.php?rest_route=%2Fwp%2Fv2%2Fmedia&parent=110"}],"curies":[{"name":"wp","href":"https:\/\/api.w.org\/{rel}","templated":true}]}}