{"id":108,"date":"2010-03-29T12:55:21","date_gmt":"2010-03-29T09:55:21","guid":{"rendered":"http:\/\/www2008.vu.lt\/?page_id=108"},"modified":"2026-01-09T13:40:23","modified_gmt":"2026-01-09T11:40:23","slug":"mokestis","status":"publish","type":"page","link":"https:\/\/www.darzelis.senieji.trakai.lm.lt\/?page_id=108","title":{"rendered":"<!--:lt-->Mokestis<!--:-->"},"content":{"rendered":"<p>Vadovaujantis Trak\u0173 rajono savivaldyb\u0117s tarybos 2022 m. kovo 31 d. sprendimu Nr. S1E-70, patvirtintu \u201eAtlyginimo dyd\u017eio nustatymo u\u017e vaik\u0173, ugdom\u0173 pagal ikimokyklinio ir (ar) prie\u0161mokyklinio ugdymo programas, i\u0161laikym\u0105 Trak\u0173 rajono savivaldyb\u0117s \u0161vietimo \u012fstaigose tvarkos apra\u0161o\u201c 9.2. punktu, Trak\u0173 rajono Sen\u0173j\u0173 Trak\u0173 vaik\u0173 lop\u0161elio \u2013 dar\u017eelio tarybos 2024 m. vasario 28 d. pos\u0117d\u017eio Nr. 2 nutarimu,<br \/>\n<strong>nuspr\u0119sta nuo 2024 m. baland\u017eio 1 d. Sen\u0173j\u0173 Trak\u0173 vaik\u0173 lop\u0161elyje \u2013 dar\u017eelyje nustatyti kasm\u0117nesin\u012f mokest\u012f u\u017e ugdymo s\u0105lyg\u0173 tenkinim\u0105 15 Eur u\u017e vaik\u0105; gausioms \u0161eimoms \u2013 10 Eur u\u017e vaik\u0105.<\/strong><\/p>\n<p>&nbsp;<\/p>\n<p><strong>TRAK\u0172 RAJONO SAVIVALDYB\u0116S TARYBOS SPRENDIMAS Nr. <a href=\"https:\/\/www.darzelis.senieji.trakai.lm.lt\/wp-content\/uploads\/2010\/03\/Sprendimas-2022-03-31-Nr.-S1E-70.docx\" rel=\"attachment wp-att-7309\">&nbsp;S1E-70<\/a>&nbsp;<\/strong>(paspaud\u0119 nuorod\u0105 gal\u0117site per\u017evelgti dokument\u0105)&nbsp;<strong>,,<\/strong><strong>D\u0116L ATLYGINIMO DYD\u017dIO NUSTATYMO U\u017d VAIK\u0172, <\/strong><strong>UGDOM\u0172 PAGAL IKIMOKYKLINIO IR (AR) PRIE\u0160MOKYKLINIO UGDYMO PROGRAMAS, I\u0160LAIKYM\u0104 TRAK\u0172 RAJONO SAVIVALDYB\u0116S \u0160VIETIMO \u012eSTAIGOSE TVARKOS APRA\u0160O TVIRTINIMO<\/strong><strong>&#8221; &nbsp;<\/strong><\/p>\n<p><span style=\"color: #000000;\">&nbsp;<strong>Mok\u0117jimo duomenys:<\/strong><\/span><\/p>\n<div id=\"m_6905834821575888976yui_3_16_0_ym19_1_1475126089315_57130\" style=\"text-align: left;\"><u id=\"m_6905834821575888976yui_3_16_0_ym19_1_1475126089315_57131\"><span id=\"m_6905834821575888976yui_3_16_0_ym19_1_1475126089315_57132\">Kliento pavadinimas<\/span><\/u><span id=\"m_6905834821575888976yui_3_16_0_ym19_1_1475126089315_57133\">: Sen\u0173j\u0173 Trak\u0173 vaik\u0173 lop\u0161elis-dar\u017eelis<u><\/u><u><\/u><\/span><\/div>\n<div id=\"m_6905834821575888976yui_3_16_0_ym19_1_1475126089315_57135\" style=\"text-align: left;\"><u id=\"m_6905834821575888976yui_3_16_0_ym19_1_1475126089315_57136\"><span id=\"m_6905834821575888976yui_3_16_0_ym19_1_1475126089315_57137\">Kliento adresas<\/span><\/u><span id=\"m_6905834821575888976yui_3_16_0_ym19_1_1475126089315_57138\">: Trak\u0173 g. 39A, Senieji Trakai, Trak\u0173 rajonas<u><\/u><u><\/u><\/span><\/div>\n<div id=\"m_6905834821575888976yui_3_16_0_ym19_1_1475126089315_57140\" style=\"text-align: left;\"><u id=\"m_6905834821575888976yui_3_16_0_ym19_1_1475126089315_57141\"><span id=\"m_6905834821575888976yui_3_16_0_ym19_1_1475126089315_57142\">\u012emon\u0117s kodas:<\/span><\/u><span id=\"m_6905834821575888976yui_3_16_0_ym19_1_1475126089315_57143\"> 190650461<u><\/u><u><\/u><\/span><\/div>\n<div id=\"m_6905834821575888976yui_3_16_0_ym19_1_1475126089315_57145\" style=\"text-align: left;\"><u id=\"m_6905834821575888976yui_3_16_0_ym19_1_1475126089315_57146\"><span id=\"m_6905834821575888976yui_3_16_0_ym19_1_1475126089315_57147\">S\u0105skaita: <\/span><\/u><span id=\"m_6905834821575888976yui_3_16_0_ym19_1_1475126089315_57148\">LT594010042700044954<u><\/u><u><\/u><\/span><\/div>\n<div id=\"m_6905834821575888976yui_3_16_0_ym19_1_1475126089315_57150\" style=\"text-align: left;\"><u id=\"m_6905834821575888976yui_3_16_0_ym19_1_1475126089315_57151\"><span id=\"m_6905834821575888976yui_3_16_0_ym19_1_1475126089315_57152\">Banko pavadinimas:<\/span><\/u><span id=\"m_6905834821575888976yui_3_16_0_ym19_1_1475126089315_57153\"> Luminor<\/span><\/div>\n<div id=\"m_6905834821575888976yui_3_16_0_ym19_1_1475126089315_57155\" style=\"text-align: left;\"><u id=\"m_6905834821575888976yui_3_16_0_ym19_1_1475126089315_57156\"><span id=\"m_6905834821575888976yui_3_16_0_ym19_1_1475126089315_57157\">Banko kodas:<\/span><\/u><span id=\"m_6905834821575888976yui_3_16_0_ym19_1_1475126089315_57158\"> 40100<u><\/u><u><\/u><\/span><\/div>\n<div id=\"m_6905834821575888976yui_3_16_0_ym19_1_1475126089315_55128\" style=\"text-align: left;\">&nbsp;<\/div>\n<div id=\"m_6905834821575888976yui_3_16_0_ym19_1_1475126089315_57160\" dir=\"ltr\" style=\"text-align: left;\"><strong><u id=\"m_6905834821575888976yui_3_16_0_ym19_1_1475126089315_57161\"><span id=\"m_6905834821575888976yui_3_16_0_ym19_1_1475126089315_57162\">Mok\u0117jimo paskirtis<\/span><\/u><\/strong><span id=\"m_6905834821575888976yui_3_16_0_ym19_1_1475126089315_57163\">: u\u017e maitinim\u0105, u\u017e ugdymo s\u0105lyg\u0173 tenkinim\u0105, vaiko vardas pavard\u0117, grup\u0117s pavadinimas.<\/span><\/div>\n<div dir=\"ltr\" style=\"text-align: left;\">&nbsp;<\/div>\n<div dir=\"ltr\" style=\"text-align: center;\"><strong>Mieli t\u0117veliai,<\/strong><\/div>\n<div dir=\"ltr\" style=\"text-align: center;\"><strong>mok\u0117dami u\u017e paslaugas, nepamir\u0161kite nurodyti vaiko, u\u017e kur\u012f mokate, <\/strong><\/div>\n<div dir=\"ltr\" style=\"text-align: center;\"><strong>vard\u0105 ir pavard\u0119.<\/strong><\/div>\n<p><!--:--><\/p>\n","protected":false},"excerpt":{"rendered":"<p>Vadovaujantis Trak\u0173 rajono savivaldyb\u0117s tarybos 2022 m. kovo 31 d. sprendimu Nr. S1E-70, patvirtintu \u201eAtlyginimo dyd\u017eio nustatymo u\u017e vaik\u0173, ugdom\u0173&#8230;<\/p>\n","protected":false},"author":1,"featured_media":0,"parent":41,"menu_order":2,"comment_status":"closed","ping_status":"closed","template":"","meta":{"ngg_post_thumbnail":0,"footnotes":""},"class_list":["post-108","page","type-page","status-publish","hentry"],"_links":{"self":[{"href":"https:\/\/www.darzelis.senieji.trakai.lm.lt\/index.php?rest_route=\/wp\/v2\/pages\/108"}],"collection":[{"href":"https:\/\/www.darzelis.senieji.trakai.lm.lt\/index.php?rest_route=\/wp\/v2\/pages"}],"about":[{"href":"https:\/\/www.darzelis.senieji.trakai.lm.lt\/index.php?rest_route=\/wp\/v2\/types\/page"}],"author":[{"embeddable":true,"href":"https:\/\/www.darzelis.senieji.trakai.lm.lt\/index.php?rest_route=\/wp\/v2\/users\/1"}],"replies":[{"embeddable":true,"href":"https:\/\/www.darzelis.senieji.trakai.lm.lt\/index.php?rest_route=%2Fwp%2Fv2%2Fcomments&post=108"}],"version-history":[{"count":42,"href":"https:\/\/www.darzelis.senieji.trakai.lm.lt\/index.php?rest_route=\/wp\/v2\/pages\/108\/revisions"}],"predecessor-version":[{"id":8566,"href":"https:\/\/www.darzelis.senieji.trakai.lm.lt\/index.php?rest_route=\/wp\/v2\/pages\/108\/revisions\/8566"}],"up":[{"embeddable":true,"href":"https:\/\/www.darzelis.senieji.trakai.lm.lt\/index.php?rest_route=\/wp\/v2\/pages\/41"}],"wp:attachment":[{"href":"https:\/\/www.darzelis.senieji.trakai.lm.lt\/index.php?rest_route=%2Fwp%2Fv2%2Fmedia&parent=108"}],"curies":[{"name":"wp","href":"https:\/\/api.w.org\/{rel}","templated":true}]}}